{"id":182264,"date":"2025-02-28T09:52:00","date_gmt":"2025-02-28T08:52:08","guid":{"rendered":"https:\/\/www.laperlavalles.cat\/product\/fitne-infusio-de-te-verd\/"},"modified":"2025-02-28T10:23:09","modified_gmt":"2025-02-28T09:23:09","slug":"fitne-infusio-de-te-verd","status":"publish","type":"product","link":"https:\/\/www.laperlavalles.cat\/ca\/producte\/fitne-infusio-de-te-verd\/","title":{"rendered":"Fitn\u00e8\u00a0Infusi\u00f3 de te verd"},"content":{"rendered":"<p>Fitn\u00e8\u00a0Infusi\u00f3 de Te Verd \u00e9s una infusi\u00f3 d&#8217;herbes a base de fulles de te verd, fulles de\u00a0senna\u00a0i\u00a0Garcinia\u00a0atroviridis. \u00c9s un producte natural que ajuda a la p\u00e8rdua de pes, alhora que proporciona altres beneficis per a la salut.<\/p>\n","protected":false},"excerpt":{"rendered":"<p>Fitn\u00e8\u00a0Infusi\u00f3 de Te Verd \u00e9s una infusi\u00f3 d&#8217;herbes a base de fulles de te verd, fulles de\u00a0senna\u00a0i\u00a0Garcinia\u00a0atroviridis. \u00c9s un producte natural que ajuda a la p\u00e8rdua<span class=\"excerpt-hellip\"> [\u2026]<\/span><\/p>\n","protected":false},"featured_media":182256,"comment_status":"open","ping_status":"closed","template":"","meta":[],"product_cat":[8406,8525],"product_tag":[],"_links":{"self":[{"href":"https:\/\/www.laperlavalles.cat\/ca\/wp-json\/wp\/v2\/product\/182264"}],"collection":[{"href":"https:\/\/www.laperlavalles.cat\/ca\/wp-json\/wp\/v2\/product"}],"about":[{"href":"https:\/\/www.laperlavalles.cat\/ca\/wp-json\/wp\/v2\/types\/product"}],"replies":[{"embeddable":true,"href":"https:\/\/www.laperlavalles.cat\/ca\/wp-json\/wp\/v2\/comments?post=182264"}],"wp:featuredmedia":[{"embeddable":true,"href":"https:\/\/www.laperlavalles.cat\/ca\/wp-json\/wp\/v2\/media\/182256"}],"wp:attachment":[{"href":"https:\/\/www.laperlavalles.cat\/ca\/wp-json\/wp\/v2\/media?parent=182264"}],"wp:term":[{"taxonomy":"product_cat","embeddable":true,"href":"https:\/\/www.laperlavalles.cat\/ca\/wp-json\/wp\/v2\/product_cat?post=182264"},{"taxonomy":"product_tag","embeddable":true,"href":"https:\/\/www.laperlavalles.cat\/ca\/wp-json\/wp\/v2\/product_tag?post=182264"}],"curies":[{"name":"wp","href":"https:\/\/api.w.org\/{rel}","templated":true}]}}