{"id":182284,"date":"2025-02-28T09:53:23","date_gmt":"2025-02-28T08:53:29","guid":{"rendered":"https:\/\/www.laperlavalles.cat\/product\/fitne-infusio-dherbes-de-crisantem\/"},"modified":"2025-02-28T10:24:32","modified_gmt":"2025-02-28T09:24:32","slug":"fitne-infusio-dherbes-de-crisantem","status":"publish","type":"product","link":"https:\/\/www.laperlavalles.cat\/ca\/producte\/fitne-infusio-dherbes-de-crisantem\/","title":{"rendered":"Fitn\u00e8\u00a0Infusi\u00f3 d&#8217;Herbes de Crisantem"},"content":{"rendered":"<p>Fitn\u00e8\u00a0Infusi\u00f3 d&#8217;Herbes de Crisantem \u00e9s una infusi\u00f3 cereal a base de flors de crisantem, fulles de\u00a0senna\u00a0i\u00a0pods. \u00c9s un producte natural que ajuda a netejar el tracte digestiu, promoure la regularitat intestinal i reduir la calor interna.<\/p>\n","protected":false},"excerpt":{"rendered":"<p>Fitn\u00e8\u00a0Infusi\u00f3 d&#8217;Herbes de Crisantem \u00e9s una infusi\u00f3 cereal a base de flors de crisantem, fulles de\u00a0senna\u00a0i\u00a0pods. \u00c9s un producte natural que ajuda a netejar el tracte<span class=\"excerpt-hellip\"> [\u2026]<\/span><\/p>\n","protected":false},"featured_media":182276,"comment_status":"open","ping_status":"closed","template":"","meta":[],"product_cat":[8406,8525],"product_tag":[],"_links":{"self":[{"href":"https:\/\/www.laperlavalles.cat\/ca\/wp-json\/wp\/v2\/product\/182284"}],"collection":[{"href":"https:\/\/www.laperlavalles.cat\/ca\/wp-json\/wp\/v2\/product"}],"about":[{"href":"https:\/\/www.laperlavalles.cat\/ca\/wp-json\/wp\/v2\/types\/product"}],"replies":[{"embeddable":true,"href":"https:\/\/www.laperlavalles.cat\/ca\/wp-json\/wp\/v2\/comments?post=182284"}],"wp:featuredmedia":[{"embeddable":true,"href":"https:\/\/www.laperlavalles.cat\/ca\/wp-json\/wp\/v2\/media\/182276"}],"wp:attachment":[{"href":"https:\/\/www.laperlavalles.cat\/ca\/wp-json\/wp\/v2\/media?parent=182284"}],"wp:term":[{"taxonomy":"product_cat","embeddable":true,"href":"https:\/\/www.laperlavalles.cat\/ca\/wp-json\/wp\/v2\/product_cat?post=182284"},{"taxonomy":"product_tag","embeddable":true,"href":"https:\/\/www.laperlavalles.cat\/ca\/wp-json\/wp\/v2\/product_tag?post=182284"}],"curies":[{"name":"wp","href":"https:\/\/api.w.org\/{rel}","templated":true}]}}