{"id":182304,"date":"2025-02-28T09:54:47","date_gmt":"2025-02-28T08:54:54","guid":{"rendered":"https:\/\/www.laperlavalles.cat\/product\/suc-natural-de-mango-25cl-pet-esteval\/"},"modified":"2025-11-28T13:23:09","modified_gmt":"2025-11-28T12:23:09","slug":"suc-natural-de-mango-25cl-pet-esteval","status":"publish","type":"product","link":"https:\/\/www.laperlavalles.cat\/ca\/producte\/suc-natural-de-mango-25cl-pet-esteval\/","title":{"rendered":"Suc natural de mango 25cl PET Esteval"},"content":{"rendered":"<p>\u00c9s un suc de mango natural 100% pur. Est\u00e0 fet amb mangos frescos seleccionats i madurats al sol, la qual cosa li dona un sabor intens i delici\u00f3s.<\/p>\n","protected":false},"excerpt":{"rendered":"<p>\u00c9s un suc de mango natural 100% pur. Est\u00e0 fet amb mangos frescos seleccionats i madurats al sol, la qual cosa li dona un sabor intens<span class=\"excerpt-hellip\"> [\u2026]<\/span><\/p>\n","protected":false},"featured_media":182296,"comment_status":"open","ping_status":"closed","template":"","meta":[],"product_cat":[8405,8528],"product_tag":[],"_links":{"self":[{"href":"https:\/\/www.laperlavalles.cat\/ca\/wp-json\/wp\/v2\/product\/182304"}],"collection":[{"href":"https:\/\/www.laperlavalles.cat\/ca\/wp-json\/wp\/v2\/product"}],"about":[{"href":"https:\/\/www.laperlavalles.cat\/ca\/wp-json\/wp\/v2\/types\/product"}],"replies":[{"embeddable":true,"href":"https:\/\/www.laperlavalles.cat\/ca\/wp-json\/wp\/v2\/comments?post=182304"}],"wp:featuredmedia":[{"embeddable":true,"href":"https:\/\/www.laperlavalles.cat\/ca\/wp-json\/wp\/v2\/media\/182296"}],"wp:attachment":[{"href":"https:\/\/www.laperlavalles.cat\/ca\/wp-json\/wp\/v2\/media?parent=182304"}],"wp:term":[{"taxonomy":"product_cat","embeddable":true,"href":"https:\/\/www.laperlavalles.cat\/ca\/wp-json\/wp\/v2\/product_cat?post=182304"},{"taxonomy":"product_tag","embeddable":true,"href":"https:\/\/www.laperlavalles.cat\/ca\/wp-json\/wp\/v2\/product_tag?post=182304"}],"curies":[{"name":"wp","href":"https:\/\/api.w.org\/{rel}","templated":true}]}}