{"id":182414,"date":"2025-02-28T10:12:04","date_gmt":"2025-02-28T09:12:12","guid":{"rendered":"https:\/\/www.laperlavalles.cat\/product\/suc-natural-de-tamarind-25cl-pet-esteval\/"},"modified":"2025-04-04T15:22:18","modified_gmt":"2025-04-04T13:22:18","slug":"suc-natural-de-tamarind-25cl-pet-esteval","status":"publish","type":"product","link":"https:\/\/www.laperlavalles.cat\/ca\/producte\/suc-natural-de-tamarind-25cl-pet-esteval\/","title":{"rendered":"Suc natural de Tamarind 25cl PET Esteval"},"content":{"rendered":"<p>\u00c9s un suc de tamarinde natural 100% pur. Est\u00e0 fet amb la polpa de tamarinde fresc i seleccionat, la qual cosa li dona un sabor \u00e0cid i dol\u00e7 amb un toc tropical.<\/p>\n","protected":false},"excerpt":{"rendered":"<p>\u00c9s un suc de tamarinde natural 100% pur. Est\u00e0 fet amb la polpa de tamarinde fresc i seleccionat, la qual cosa li dona un sabor \u00e0cid<span class=\"excerpt-hellip\"> [\u2026]<\/span><\/p>\n","protected":false},"featured_media":182406,"comment_status":"open","ping_status":"closed","template":"","meta":[],"product_cat":[8405,8528],"product_tag":[],"_links":{"self":[{"href":"https:\/\/www.laperlavalles.cat\/ca\/wp-json\/wp\/v2\/product\/182414"}],"collection":[{"href":"https:\/\/www.laperlavalles.cat\/ca\/wp-json\/wp\/v2\/product"}],"about":[{"href":"https:\/\/www.laperlavalles.cat\/ca\/wp-json\/wp\/v2\/types\/product"}],"replies":[{"embeddable":true,"href":"https:\/\/www.laperlavalles.cat\/ca\/wp-json\/wp\/v2\/comments?post=182414"}],"wp:featuredmedia":[{"embeddable":true,"href":"https:\/\/www.laperlavalles.cat\/ca\/wp-json\/wp\/v2\/media\/182406"}],"wp:attachment":[{"href":"https:\/\/www.laperlavalles.cat\/ca\/wp-json\/wp\/v2\/media?parent=182414"}],"wp:term":[{"taxonomy":"product_cat","embeddable":true,"href":"https:\/\/www.laperlavalles.cat\/ca\/wp-json\/wp\/v2\/product_cat?post=182414"},{"taxonomy":"product_tag","embeddable":true,"href":"https:\/\/www.laperlavalles.cat\/ca\/wp-json\/wp\/v2\/product_tag?post=182414"}],"curies":[{"name":"wp","href":"https:\/\/api.w.org\/{rel}","templated":true}]}}