{"id":182549,"date":"2025-02-28T10:49:44","date_gmt":"2025-02-28T09:49:44","guid":{"rendered":"https:\/\/www.laperlavalles.cat\/product\/salsa-de-soja-baixa-en-sal-sanbishi-800-ml-6\/"},"modified":"2025-02-28T10:49:44","modified_gmt":"2025-02-28T09:49:44","slug":"salsa-de-soja-baixa-en-sal-sanbishi-800-ml-6","status":"publish","type":"product","link":"https:\/\/www.laperlavalles.cat\/ca\/producte\/salsa-de-soja-baixa-en-sal-sanbishi-800-ml-6\/","title":{"rendered":"Salsa de Soja Baixa en Sal Sanbishi 800 ml"},"content":{"rendered":"<p>La salsa de soja baixa en sal de Sanbishi ofereix el sabor aut\u00e8ntic de la soja fermentada amb un 43% menys de sal, mantenint l&#8217;aroma \u00fanic i la riquesa umami. Ideal per marinar, cuinar i com a condiment en una \u00e0mplia varietat de receptes asi\u00e0tiques, permetent reduir la ingesta de sodi sense sacrificar el sabor.<\/p>\n","protected":false},"excerpt":{"rendered":"<p>La salsa de soja baixa en sal de Sanbishi ofereix el sabor aut\u00e8ntic de la soja fermentada amb un 43% menys de sal, mantenint l&#8217;aroma \u00fanic<span class=\"excerpt-hellip\"> [\u2026]<\/span><\/p>\n","protected":false},"featured_media":182545,"comment_status":"open","ping_status":"closed","template":"","meta":[],"product_cat":[8411,8504],"product_tag":[],"_links":{"self":[{"href":"https:\/\/www.laperlavalles.cat\/ca\/wp-json\/wp\/v2\/product\/182549"}],"collection":[{"href":"https:\/\/www.laperlavalles.cat\/ca\/wp-json\/wp\/v2\/product"}],"about":[{"href":"https:\/\/www.laperlavalles.cat\/ca\/wp-json\/wp\/v2\/types\/product"}],"replies":[{"embeddable":true,"href":"https:\/\/www.laperlavalles.cat\/ca\/wp-json\/wp\/v2\/comments?post=182549"}],"wp:featuredmedia":[{"embeddable":true,"href":"https:\/\/www.laperlavalles.cat\/ca\/wp-json\/wp\/v2\/media\/182545"}],"wp:attachment":[{"href":"https:\/\/www.laperlavalles.cat\/ca\/wp-json\/wp\/v2\/media?parent=182549"}],"wp:term":[{"taxonomy":"product_cat","embeddable":true,"href":"https:\/\/www.laperlavalles.cat\/ca\/wp-json\/wp\/v2\/product_cat?post=182549"},{"taxonomy":"product_tag","embeddable":true,"href":"https:\/\/www.laperlavalles.cat\/ca\/wp-json\/wp\/v2\/product_tag?post=182549"}],"curies":[{"name":"wp","href":"https:\/\/api.w.org\/{rel}","templated":true}]}}