{"id":182659,"date":"2025-02-28T10:58:07","date_gmt":"2025-02-28T09:58:07","guid":{"rendered":"https:\/\/www.laperlavalles.cat\/product\/noodles-nissin-en-pot-pollastre-gingebre-63gr-7\/"},"modified":"2025-02-28T10:58:07","modified_gmt":"2025-02-28T09:58:07","slug":"noodles-nissin-en-pot-pollastre-gingebre-63gr-7","status":"publish","type":"product","link":"https:\/\/www.laperlavalles.cat\/ca\/producte\/noodles-nissin-en-pot-pollastre-gingebre-63gr-7\/","title":{"rendered":"NOODLES NISSIN EN POT POLLASTRE GINGEBRE 63GR"},"content":{"rendered":"<p>Noodles Nissin en Pot Pollastre Gingebre 63g s\u00f3n fideus instantanis amb sabor de pollastre i un toc de gingebre. Es preparen r\u00e0pidament afegint aigua calenta i s\u00f3n una opci\u00f3 pr\u00e0ctica per a qualsevol moment del dia.<\/p>\n","protected":false},"excerpt":{"rendered":"<p>Noodles Nissin en Pot Pollastre Gingebre 63g s\u00f3n fideus instantanis amb sabor de pollastre i un toc de gingebre. Es preparen r\u00e0pidament afegint aigua calenta i<span class=\"excerpt-hellip\"> [\u2026]<\/span><\/p>\n","protected":false},"featured_media":182655,"comment_status":"open","ping_status":"closed","template":"","meta":[],"product_cat":[36],"product_tag":[],"_links":{"self":[{"href":"https:\/\/www.laperlavalles.cat\/ca\/wp-json\/wp\/v2\/product\/182659"}],"collection":[{"href":"https:\/\/www.laperlavalles.cat\/ca\/wp-json\/wp\/v2\/product"}],"about":[{"href":"https:\/\/www.laperlavalles.cat\/ca\/wp-json\/wp\/v2\/types\/product"}],"replies":[{"embeddable":true,"href":"https:\/\/www.laperlavalles.cat\/ca\/wp-json\/wp\/v2\/comments?post=182659"}],"wp:featuredmedia":[{"embeddable":true,"href":"https:\/\/www.laperlavalles.cat\/ca\/wp-json\/wp\/v2\/media\/182655"}],"wp:attachment":[{"href":"https:\/\/www.laperlavalles.cat\/ca\/wp-json\/wp\/v2\/media?parent=182659"}],"wp:term":[{"taxonomy":"product_cat","embeddable":true,"href":"https:\/\/www.laperlavalles.cat\/ca\/wp-json\/wp\/v2\/product_cat?post=182659"},{"taxonomy":"product_tag","embeddable":true,"href":"https:\/\/www.laperlavalles.cat\/ca\/wp-json\/wp\/v2\/product_tag?post=182659"}],"curies":[{"name":"wp","href":"https:\/\/api.w.org\/{rel}","templated":true}]}}