{"id":182959,"date":"2025-02-28T11:19:36","date_gmt":"2025-02-28T10:19:36","guid":{"rendered":"https:\/\/www.laperlavalles.cat\/product\/noodles-nissin-gamba-100g-9\/"},"modified":"2025-02-28T11:19:36","modified_gmt":"2025-02-28T10:19:36","slug":"noodles-nissin-gamba-100g-9","status":"publish","type":"product","link":"https:\/\/www.laperlavalles.cat\/ca\/producte\/noodles-nissin-gamba-100g-9\/","title":{"rendered":"NOODLES NISSIN GAMBA 100G"},"content":{"rendered":"<p>Noodles Nissin Gamba 100g s\u00f3n fideus instantanis amb sabor de gamba, ideals per als amants del marisc. Inspirats en la cuina asi\u00e0tica, ofereixen un brou arom\u00e0tic i ple de sabor. Es preparen f\u00e0cilment afegint aigua calenta i s\u00f3n una opci\u00f3 r\u00e0pida i deliciosa per a qualsevol moment.<\/p>\n","protected":false},"excerpt":{"rendered":"<p>Noodles Nissin Gamba 100g s\u00f3n fideus instantanis amb sabor de gamba, ideals per als amants del marisc. Inspirats en la cuina asi\u00e0tica, ofereixen un brou arom\u00e0tic<span class=\"excerpt-hellip\"> [\u2026]<\/span><\/p>\n","protected":false},"featured_media":182955,"comment_status":"open","ping_status":"closed","template":"","meta":[],"product_cat":[36],"product_tag":[],"_links":{"self":[{"href":"https:\/\/www.laperlavalles.cat\/ca\/wp-json\/wp\/v2\/product\/182959"}],"collection":[{"href":"https:\/\/www.laperlavalles.cat\/ca\/wp-json\/wp\/v2\/product"}],"about":[{"href":"https:\/\/www.laperlavalles.cat\/ca\/wp-json\/wp\/v2\/types\/product"}],"replies":[{"embeddable":true,"href":"https:\/\/www.laperlavalles.cat\/ca\/wp-json\/wp\/v2\/comments?post=182959"}],"wp:featuredmedia":[{"embeddable":true,"href":"https:\/\/www.laperlavalles.cat\/ca\/wp-json\/wp\/v2\/media\/182955"}],"wp:attachment":[{"href":"https:\/\/www.laperlavalles.cat\/ca\/wp-json\/wp\/v2\/media?parent=182959"}],"wp:term":[{"taxonomy":"product_cat","embeddable":true,"href":"https:\/\/www.laperlavalles.cat\/ca\/wp-json\/wp\/v2\/product_cat?post=182959"},{"taxonomy":"product_tag","embeddable":true,"href":"https:\/\/www.laperlavalles.cat\/ca\/wp-json\/wp\/v2\/product_tag?post=182959"}],"curies":[{"name":"wp","href":"https:\/\/api.w.org\/{rel}","templated":true}]}}