{"id":182979,"date":"2025-02-28T11:20:36","date_gmt":"2025-02-28T10:20:44","guid":{"rendered":"https:\/\/www.laperlavalles.cat\/product\/salsa-de-soja-jiajashan-6-kg\/"},"modified":"2025-02-28T19:30:11","modified_gmt":"2025-02-28T18:30:11","slug":"salsa-de-soja-jiajashan-6-kg","status":"publish","type":"product","link":"https:\/\/www.laperlavalles.cat\/ca\/producte\/salsa-de-soja-jiajashan-6-kg\/","title":{"rendered":"Salsa de Soja Jiajashan 6 kg"},"content":{"rendered":"<p>La salsa de soja Jiajashan \u00e9s reconeguda per la seva qualitat i sabor aut\u00e8ntic. Elaborada mitjan\u00e7ant fermentaci\u00f3 natural de soja i blat torrat, aporta un gust umami profund als teus plats. Ideal per a marinar, cuinar i com a condiment en una \u00e0mplia varietat de receptes asi\u00e0tiques.<\/p>\n","protected":false},"excerpt":{"rendered":"<p>La salsa de soja Jiajashan \u00e9s reconeguda per la seva qualitat i sabor aut\u00e8ntic. Elaborada mitjan\u00e7ant fermentaci\u00f3 natural de soja i blat torrat, aporta un gust<span class=\"excerpt-hellip\"> [\u2026]<\/span><\/p>\n","protected":false},"featured_media":182971,"comment_status":"open","ping_status":"closed","template":"","meta":[],"product_cat":[8411,8504],"product_tag":[],"_links":{"self":[{"href":"https:\/\/www.laperlavalles.cat\/ca\/wp-json\/wp\/v2\/product\/182979"}],"collection":[{"href":"https:\/\/www.laperlavalles.cat\/ca\/wp-json\/wp\/v2\/product"}],"about":[{"href":"https:\/\/www.laperlavalles.cat\/ca\/wp-json\/wp\/v2\/types\/product"}],"replies":[{"embeddable":true,"href":"https:\/\/www.laperlavalles.cat\/ca\/wp-json\/wp\/v2\/comments?post=182979"}],"wp:featuredmedia":[{"embeddable":true,"href":"https:\/\/www.laperlavalles.cat\/ca\/wp-json\/wp\/v2\/media\/182971"}],"wp:attachment":[{"href":"https:\/\/www.laperlavalles.cat\/ca\/wp-json\/wp\/v2\/media?parent=182979"}],"wp:term":[{"taxonomy":"product_cat","embeddable":true,"href":"https:\/\/www.laperlavalles.cat\/ca\/wp-json\/wp\/v2\/product_cat?post=182979"},{"taxonomy":"product_tag","embeddable":true,"href":"https:\/\/www.laperlavalles.cat\/ca\/wp-json\/wp\/v2\/product_tag?post=182979"}],"curies":[{"name":"wp","href":"https:\/\/api.w.org\/{rel}","templated":true}]}}