{"id":182994,"date":"2025-02-28T11:20:53","date_gmt":"2025-02-28T10:20:53","guid":{"rendered":"https:\/\/www.laperlavalles.cat\/product\/salsa-de-soja-jiajashan-6-kg-2\/"},"modified":"2025-02-28T11:20:53","modified_gmt":"2025-02-28T10:20:53","slug":"salsa-de-soja-jiajashan-6-kg-2","status":"publish","type":"product","link":"https:\/\/www.laperlavalles.cat\/ca\/producte\/salsa-de-soja-jiajashan-6-kg-2\/","title":{"rendered":"Salsa de Soja Jiajashan 6 kg"},"content":{"rendered":"<p>La salsa de soja Jiajashan \u00e9s reconeguda per la seva qualitat i sabor aut\u00e8ntic. Elaborada mitjan\u00e7ant fermentaci\u00f3 natural de soja i blat torrat, aporta un gust umami profund als teus plats. Ideal per a marinar, cuinar i com a condiment en una \u00e0mplia varietat de receptes asi\u00e0tiques.<\/p>\n","protected":false},"excerpt":{"rendered":"<p>La salsa de soja Jiajashan \u00e9s reconeguda per la seva qualitat i sabor aut\u00e8ntic. Elaborada mitjan\u00e7ant fermentaci\u00f3 natural de soja i blat torrat, aporta un gust<span class=\"excerpt-hellip\"> [\u2026]<\/span><\/p>\n","protected":false},"featured_media":182990,"comment_status":"open","ping_status":"closed","template":"","meta":[],"product_cat":[8411,8504],"product_tag":[],"_links":{"self":[{"href":"https:\/\/www.laperlavalles.cat\/ca\/wp-json\/wp\/v2\/product\/182994"}],"collection":[{"href":"https:\/\/www.laperlavalles.cat\/ca\/wp-json\/wp\/v2\/product"}],"about":[{"href":"https:\/\/www.laperlavalles.cat\/ca\/wp-json\/wp\/v2\/types\/product"}],"replies":[{"embeddable":true,"href":"https:\/\/www.laperlavalles.cat\/ca\/wp-json\/wp\/v2\/comments?post=182994"}],"wp:featuredmedia":[{"embeddable":true,"href":"https:\/\/www.laperlavalles.cat\/ca\/wp-json\/wp\/v2\/media\/182990"}],"wp:attachment":[{"href":"https:\/\/www.laperlavalles.cat\/ca\/wp-json\/wp\/v2\/media?parent=182994"}],"wp:term":[{"taxonomy":"product_cat","embeddable":true,"href":"https:\/\/www.laperlavalles.cat\/ca\/wp-json\/wp\/v2\/product_cat?post=182994"},{"taxonomy":"product_tag","embeddable":true,"href":"https:\/\/www.laperlavalles.cat\/ca\/wp-json\/wp\/v2\/product_tag?post=182994"}],"curies":[{"name":"wp","href":"https:\/\/api.w.org\/{rel}","templated":true}]}}