{"id":183264,"date":"2025-02-28T11:50:36","date_gmt":"2025-02-28T10:50:43","guid":{"rendered":"https:\/\/www.laperlavalles.cat\/product\/noodles-nissin-sesam-100g\/"},"modified":"2025-11-21T15:21:05","modified_gmt":"2025-11-21T14:21:05","slug":"noodles-nissin-sesam-100g","status":"publish","type":"product","link":"https:\/\/www.laperlavalles.cat\/ca\/producte\/noodles-nissin-sesam-100g\/","title":{"rendered":"NOODLES NISSIN S\u00c8SAM 100G"},"content":{"rendered":"<p>Noodles Nissin S\u00e8sam 100g s\u00f3n fideus instantanis amb un sabor suau i arom\u00e0tic de s\u00e8sam, que aporta un toc lleugerament torrat i crem\u00f3s. Es preparen f\u00e0cilment afegint aigua calenta i s\u00f3n una opci\u00f3 deliciosa i reconfortant per a qualsevol moment del dia.<\/p>\n","protected":false},"excerpt":{"rendered":"<p>Noodles Nissin S\u00e8sam 100g s\u00f3n fideus instantanis amb un sabor suau i arom\u00e0tic de s\u00e8sam, que aporta un toc lleugerament torrat i crem\u00f3s. Es preparen f\u00e0cilment<span class=\"excerpt-hellip\"> [\u2026]<\/span><\/p>\n","protected":false},"featured_media":183256,"comment_status":"open","ping_status":"closed","template":"","meta":[],"product_cat":[10617],"product_tag":[],"_links":{"self":[{"href":"https:\/\/www.laperlavalles.cat\/ca\/wp-json\/wp\/v2\/product\/183264"}],"collection":[{"href":"https:\/\/www.laperlavalles.cat\/ca\/wp-json\/wp\/v2\/product"}],"about":[{"href":"https:\/\/www.laperlavalles.cat\/ca\/wp-json\/wp\/v2\/types\/product"}],"replies":[{"embeddable":true,"href":"https:\/\/www.laperlavalles.cat\/ca\/wp-json\/wp\/v2\/comments?post=183264"}],"wp:featuredmedia":[{"embeddable":true,"href":"https:\/\/www.laperlavalles.cat\/ca\/wp-json\/wp\/v2\/media\/183256"}],"wp:attachment":[{"href":"https:\/\/www.laperlavalles.cat\/ca\/wp-json\/wp\/v2\/media?parent=183264"}],"wp:term":[{"taxonomy":"product_cat","embeddable":true,"href":"https:\/\/www.laperlavalles.cat\/ca\/wp-json\/wp\/v2\/product_cat?post=183264"},{"taxonomy":"product_tag","embeddable":true,"href":"https:\/\/www.laperlavalles.cat\/ca\/wp-json\/wp\/v2\/product_tag?post=183264"}],"curies":[{"name":"wp","href":"https:\/\/api.w.org\/{rel}","templated":true}]}}