{"id":183279,"date":"2025-02-28T11:52:03","date_gmt":"2025-02-28T10:52:03","guid":{"rendered":"https:\/\/www.laperlavalles.cat\/product\/noodles-nissin-sesam-100g-2\/"},"modified":"2025-02-28T11:52:03","modified_gmt":"2025-02-28T10:52:03","slug":"noodles-nissin-sesam-100g-2","status":"publish","type":"product","link":"https:\/\/www.laperlavalles.cat\/ca\/producte\/noodles-nissin-sesam-100g-2\/","title":{"rendered":"NOODLES NISSIN S\u00c8SAM 100G"},"content":{"rendered":"<p>Noodles Nissin S\u00e8sam 100g s\u00f3n fideus instantanis amb un sabor suau i arom\u00e0tic de s\u00e8sam, que aporta un toc lleugerament torrat i crem\u00f3s. Es preparen f\u00e0cilment afegint aigua calenta i s\u00f3n una opci\u00f3 deliciosa i reconfortant per a qualsevol moment del dia.<\/p>\n","protected":false},"excerpt":{"rendered":"<p>Noodles Nissin S\u00e8sam 100g s\u00f3n fideus instantanis amb un sabor suau i arom\u00e0tic de s\u00e8sam, que aporta un toc lleugerament torrat i crem\u00f3s. Es preparen f\u00e0cilment<span class=\"excerpt-hellip\"> [\u2026]<\/span><\/p>\n","protected":false},"featured_media":183275,"comment_status":"open","ping_status":"closed","template":"","meta":[],"product_cat":[36],"product_tag":[],"_links":{"self":[{"href":"https:\/\/www.laperlavalles.cat\/ca\/wp-json\/wp\/v2\/product\/183279"}],"collection":[{"href":"https:\/\/www.laperlavalles.cat\/ca\/wp-json\/wp\/v2\/product"}],"about":[{"href":"https:\/\/www.laperlavalles.cat\/ca\/wp-json\/wp\/v2\/types\/product"}],"replies":[{"embeddable":true,"href":"https:\/\/www.laperlavalles.cat\/ca\/wp-json\/wp\/v2\/comments?post=183279"}],"wp:featuredmedia":[{"embeddable":true,"href":"https:\/\/www.laperlavalles.cat\/ca\/wp-json\/wp\/v2\/media\/183275"}],"wp:attachment":[{"href":"https:\/\/www.laperlavalles.cat\/ca\/wp-json\/wp\/v2\/media?parent=183279"}],"wp:term":[{"taxonomy":"product_cat","embeddable":true,"href":"https:\/\/www.laperlavalles.cat\/ca\/wp-json\/wp\/v2\/product_cat?post=183279"},{"taxonomy":"product_tag","embeddable":true,"href":"https:\/\/www.laperlavalles.cat\/ca\/wp-json\/wp\/v2\/product_tag?post=183279"}],"curies":[{"name":"wp","href":"https:\/\/api.w.org\/{rel}","templated":true}]}}