{"id":183419,"date":"2025-02-28T12:03:27","date_gmt":"2025-02-28T11:03:27","guid":{"rendered":"https:\/\/www.laperlavalles.cat\/product\/noodles-nissin-tonkotsu-100g-3\/"},"modified":"2025-02-28T12:03:27","modified_gmt":"2025-02-28T11:03:27","slug":"noodles-nissin-tonkotsu-100g-3","status":"publish","type":"product","link":"https:\/\/www.laperlavalles.cat\/ca\/producte\/noodles-nissin-tonkotsu-100g-3\/","title":{"rendered":"NOODLES NISSIN TONKOTSU 100G"},"content":{"rendered":"<p>Noodles Nissin Tonkotsu 100g s\u00f3n fideus instantanis inspirats en la tradicional sopa japonesa de brou de porc. Amb un sabor intens i crem\u00f3s, s\u00f3n f\u00e0cils de preparar afegint aigua calenta, oferint una experi\u00e8ncia aut\u00e8ntica i reconfortant.<\/p>\n","protected":false},"excerpt":{"rendered":"<p>Noodles Nissin Tonkotsu 100g s\u00f3n fideus instantanis inspirats en la tradicional sopa japonesa de brou de porc. Amb un sabor intens i crem\u00f3s, s\u00f3n f\u00e0cils de<span class=\"excerpt-hellip\"> [\u2026]<\/span><\/p>\n","protected":false},"featured_media":183415,"comment_status":"open","ping_status":"closed","template":"","meta":[],"product_cat":[36],"product_tag":[],"_links":{"self":[{"href":"https:\/\/www.laperlavalles.cat\/ca\/wp-json\/wp\/v2\/product\/183419"}],"collection":[{"href":"https:\/\/www.laperlavalles.cat\/ca\/wp-json\/wp\/v2\/product"}],"about":[{"href":"https:\/\/www.laperlavalles.cat\/ca\/wp-json\/wp\/v2\/types\/product"}],"replies":[{"embeddable":true,"href":"https:\/\/www.laperlavalles.cat\/ca\/wp-json\/wp\/v2\/comments?post=183419"}],"wp:featuredmedia":[{"embeddable":true,"href":"https:\/\/www.laperlavalles.cat\/ca\/wp-json\/wp\/v2\/media\/183415"}],"wp:attachment":[{"href":"https:\/\/www.laperlavalles.cat\/ca\/wp-json\/wp\/v2\/media?parent=183419"}],"wp:term":[{"taxonomy":"product_cat","embeddable":true,"href":"https:\/\/www.laperlavalles.cat\/ca\/wp-json\/wp\/v2\/product_cat?post=183419"},{"taxonomy":"product_tag","embeddable":true,"href":"https:\/\/www.laperlavalles.cat\/ca\/wp-json\/wp\/v2\/product_tag?post=183419"}],"curies":[{"name":"wp","href":"https:\/\/api.w.org\/{rel}","templated":true}]}}