{"id":183604,"date":"2025-02-28T12:18:53","date_gmt":"2025-02-28T11:18:53","guid":{"rendered":"https:\/\/www.laperlavalles.cat\/product\/noodles-nissin-anec-100g-7\/"},"modified":"2025-02-28T12:18:53","modified_gmt":"2025-02-28T11:18:53","slug":"noodles-nissin-anec-100g-7","status":"publish","type":"product","link":"https:\/\/www.laperlavalles.cat\/ca\/producte\/noodles-nissin-anec-100g-7\/","title":{"rendered":"NOODLES NISSIN \u00c0NEC 100G"},"content":{"rendered":"<p>Noodles Nissin \u00c0nec 100g s\u00f3n fideus instantanis amb un sabor intens i arom\u00e0tic d\u2019\u00e0nec, inspirats en la cuina asi\u00e0tica. Es preparen f\u00e0cilment afegint aigua calenta i ofereixen un brou ric i sabor\u00f3s, ideal per a un \u00e0pat r\u00e0pid i delici\u00f3s.<\/p>\n","protected":false},"excerpt":{"rendered":"<p>Noodles Nissin \u00c0nec 100g s\u00f3n fideus instantanis amb un sabor intens i arom\u00e0tic d\u2019\u00e0nec, inspirats en la cuina asi\u00e0tica. Es preparen f\u00e0cilment afegint aigua calenta i<span class=\"excerpt-hellip\"> [\u2026]<\/span><\/p>\n","protected":false},"featured_media":183600,"comment_status":"open","ping_status":"closed","template":"","meta":[],"product_cat":[36],"product_tag":[],"_links":{"self":[{"href":"https:\/\/www.laperlavalles.cat\/ca\/wp-json\/wp\/v2\/product\/183604"}],"collection":[{"href":"https:\/\/www.laperlavalles.cat\/ca\/wp-json\/wp\/v2\/product"}],"about":[{"href":"https:\/\/www.laperlavalles.cat\/ca\/wp-json\/wp\/v2\/types\/product"}],"replies":[{"embeddable":true,"href":"https:\/\/www.laperlavalles.cat\/ca\/wp-json\/wp\/v2\/comments?post=183604"}],"wp:featuredmedia":[{"embeddable":true,"href":"https:\/\/www.laperlavalles.cat\/ca\/wp-json\/wp\/v2\/media\/183600"}],"wp:attachment":[{"href":"https:\/\/www.laperlavalles.cat\/ca\/wp-json\/wp\/v2\/media?parent=183604"}],"wp:term":[{"taxonomy":"product_cat","embeddable":true,"href":"https:\/\/www.laperlavalles.cat\/ca\/wp-json\/wp\/v2\/product_cat?post=183604"},{"taxonomy":"product_tag","embeddable":true,"href":"https:\/\/www.laperlavalles.cat\/ca\/wp-json\/wp\/v2\/product_tag?post=183604"}],"curies":[{"name":"wp","href":"https:\/\/api.w.org\/{rel}","templated":true}]}}