{"id":183744,"date":"2025-02-28T12:30:24","date_gmt":"2025-02-28T11:30:24","guid":{"rendered":"https:\/\/www.laperlavalles.cat\/product\/noodles-nissin-ramen-salsa-de-soja-100g-8\/"},"modified":"2025-02-28T12:30:24","modified_gmt":"2025-02-28T11:30:24","slug":"noodles-nissin-ramen-salsa-de-soja-100g-8","status":"publish","type":"product","link":"https:\/\/www.laperlavalles.cat\/ca\/producte\/noodles-nissin-ramen-salsa-de-soja-100g-8\/","title":{"rendered":"NOODLES NISSIN RAMEN SALSA DE SOJA 100G"},"content":{"rendered":"<p>Noodles Nissin Ramen Salsa de Soja 100g s\u00f3n fideus instantanis amb un brou ric i equilibrat amb el sabor umami de la salsa de soja. Inspirats en el ramen japon\u00e8s tradicional, s\u00f3n f\u00e0cils de preparar afegint aigua calenta, oferint un \u00e0pat r\u00e0pid i delici\u00f3s<\/p>\n","protected":false},"excerpt":{"rendered":"<p>Noodles Nissin Ramen Salsa de Soja 100g s\u00f3n fideus instantanis amb un brou ric i equilibrat amb el sabor umami de la salsa de soja. Inspirats<span class=\"excerpt-hellip\"> [\u2026]<\/span><\/p>\n","protected":false},"featured_media":183740,"comment_status":"open","ping_status":"closed","template":"","meta":[],"product_cat":[36],"product_tag":[],"_links":{"self":[{"href":"https:\/\/www.laperlavalles.cat\/ca\/wp-json\/wp\/v2\/product\/183744"}],"collection":[{"href":"https:\/\/www.laperlavalles.cat\/ca\/wp-json\/wp\/v2\/product"}],"about":[{"href":"https:\/\/www.laperlavalles.cat\/ca\/wp-json\/wp\/v2\/types\/product"}],"replies":[{"embeddable":true,"href":"https:\/\/www.laperlavalles.cat\/ca\/wp-json\/wp\/v2\/comments?post=183744"}],"wp:featuredmedia":[{"embeddable":true,"href":"https:\/\/www.laperlavalles.cat\/ca\/wp-json\/wp\/v2\/media\/183740"}],"wp:attachment":[{"href":"https:\/\/www.laperlavalles.cat\/ca\/wp-json\/wp\/v2\/media?parent=183744"}],"wp:term":[{"taxonomy":"product_cat","embeddable":true,"href":"https:\/\/www.laperlavalles.cat\/ca\/wp-json\/wp\/v2\/product_cat?post=183744"},{"taxonomy":"product_tag","embeddable":true,"href":"https:\/\/www.laperlavalles.cat\/ca\/wp-json\/wp\/v2\/product_tag?post=183744"}],"curies":[{"name":"wp","href":"https:\/\/api.w.org\/{rel}","templated":true}]}}