{"id":183809,"date":"2025-02-28T12:34:54","date_gmt":"2025-02-28T11:34:54","guid":{"rendered":"https:\/\/www.laperlavalles.cat\/product\/noodles-nissin-picant-100g-4\/"},"modified":"2025-02-28T12:34:54","modified_gmt":"2025-02-28T11:34:54","slug":"noodles-nissin-picant-100g-4","status":"publish","type":"product","link":"https:\/\/www.laperlavalles.cat\/ca\/producte\/noodles-nissin-picant-100g-4\/","title":{"rendered":"NOODLES NISSIN PICANT 100G"},"content":{"rendered":"<p>Noodles Nissin Picant 100g s\u00f3n fideus instantanis amb un brou intens i un toc picant que afegeix calor i sabor. Perfectes per als amants del picant, s\u00f3n f\u00e0cils de preparar afegint aigua calenta, convertint-se en un \u00e0pat r\u00e0pid i delici\u00f3s.<\/p>\n","protected":false},"excerpt":{"rendered":"<p>Noodles Nissin Picant 100g s\u00f3n fideus instantanis amb un brou intens i un toc picant que afegeix calor i sabor. Perfectes per als amants del picant,<span class=\"excerpt-hellip\"> [\u2026]<\/span><\/p>\n","protected":false},"featured_media":183805,"comment_status":"open","ping_status":"closed","template":"","meta":[],"product_cat":[36],"product_tag":[],"_links":{"self":[{"href":"https:\/\/www.laperlavalles.cat\/ca\/wp-json\/wp\/v2\/product\/183809"}],"collection":[{"href":"https:\/\/www.laperlavalles.cat\/ca\/wp-json\/wp\/v2\/product"}],"about":[{"href":"https:\/\/www.laperlavalles.cat\/ca\/wp-json\/wp\/v2\/types\/product"}],"replies":[{"embeddable":true,"href":"https:\/\/www.laperlavalles.cat\/ca\/wp-json\/wp\/v2\/comments?post=183809"}],"wp:featuredmedia":[{"embeddable":true,"href":"https:\/\/www.laperlavalles.cat\/ca\/wp-json\/wp\/v2\/media\/183805"}],"wp:attachment":[{"href":"https:\/\/www.laperlavalles.cat\/ca\/wp-json\/wp\/v2\/media?parent=183809"}],"wp:term":[{"taxonomy":"product_cat","embeddable":true,"href":"https:\/\/www.laperlavalles.cat\/ca\/wp-json\/wp\/v2\/product_cat?post=183809"},{"taxonomy":"product_tag","embeddable":true,"href":"https:\/\/www.laperlavalles.cat\/ca\/wp-json\/wp\/v2\/product_tag?post=183809"}],"curies":[{"name":"wp","href":"https:\/\/api.w.org\/{rel}","templated":true}]}}