{"id":183839,"date":"2025-02-28T12:37:45","date_gmt":"2025-02-28T11:37:45","guid":{"rendered":"https:\/\/www.laperlavalles.cat\/product\/noodles-nissin-picant-100g-6\/"},"modified":"2025-02-28T12:37:45","modified_gmt":"2025-02-28T11:37:45","slug":"noodles-nissin-picant-100g-6","status":"publish","type":"product","link":"https:\/\/www.laperlavalles.cat\/ca\/producte\/noodles-nissin-picant-100g-6\/","title":{"rendered":"NOODLES NISSIN PICANT 100G"},"content":{"rendered":"<p>Noodles Nissin Picant 100g s\u00f3n fideus instantanis amb un brou intens i un toc picant que afegeix calor i sabor. Perfectes per als amants del picant, s\u00f3n f\u00e0cils de preparar afegint aigua calenta, convertint-se en un \u00e0pat r\u00e0pid i delici\u00f3s.<\/p>\n","protected":false},"excerpt":{"rendered":"<p>Noodles Nissin Picant 100g s\u00f3n fideus instantanis amb un brou intens i un toc picant que afegeix calor i sabor. Perfectes per als amants del picant,<span class=\"excerpt-hellip\"> [\u2026]<\/span><\/p>\n","protected":false},"featured_media":183835,"comment_status":"open","ping_status":"closed","template":"","meta":[],"product_cat":[36],"product_tag":[],"_links":{"self":[{"href":"https:\/\/www.laperlavalles.cat\/ca\/wp-json\/wp\/v2\/product\/183839"}],"collection":[{"href":"https:\/\/www.laperlavalles.cat\/ca\/wp-json\/wp\/v2\/product"}],"about":[{"href":"https:\/\/www.laperlavalles.cat\/ca\/wp-json\/wp\/v2\/types\/product"}],"replies":[{"embeddable":true,"href":"https:\/\/www.laperlavalles.cat\/ca\/wp-json\/wp\/v2\/comments?post=183839"}],"wp:featuredmedia":[{"embeddable":true,"href":"https:\/\/www.laperlavalles.cat\/ca\/wp-json\/wp\/v2\/media\/183835"}],"wp:attachment":[{"href":"https:\/\/www.laperlavalles.cat\/ca\/wp-json\/wp\/v2\/media?parent=183839"}],"wp:term":[{"taxonomy":"product_cat","embeddable":true,"href":"https:\/\/www.laperlavalles.cat\/ca\/wp-json\/wp\/v2\/product_cat?post=183839"},{"taxonomy":"product_tag","embeddable":true,"href":"https:\/\/www.laperlavalles.cat\/ca\/wp-json\/wp\/v2\/product_tag?post=183839"}],"curies":[{"name":"wp","href":"https:\/\/api.w.org\/{rel}","templated":true}]}}