{"id":183954,"date":"2025-02-28T12:53:35","date_gmt":"2025-02-28T11:53:35","guid":{"rendered":"https:\/\/www.laperlavalles.cat\/product\/noodles-nissin-vedella-100g-3\/"},"modified":"2025-02-28T12:53:35","modified_gmt":"2025-02-28T11:53:35","slug":"noodles-nissin-vedella-100g-3","status":"publish","type":"product","link":"https:\/\/www.laperlavalles.cat\/ca\/producte\/noodles-nissin-vedella-100g-3\/","title":{"rendered":"NOODLES NISSIN VEDELLA 100G"},"content":{"rendered":"<p>Noodles Nissin Vedella 100g s\u00f3n fideus instantanis amb un brou intens i sabor\u00f3s de vedella. Inspirats en la cuina asi\u00e0tica, s\u00f3n f\u00e0cils de preparar afegint aigua calenta, ideals per a un \u00e0pat r\u00e0pid i delici\u00f3s<\/p>\n","protected":false},"excerpt":{"rendered":"<p>Noodles Nissin Vedella 100g s\u00f3n fideus instantanis amb un brou intens i sabor\u00f3s de vedella. Inspirats en la cuina asi\u00e0tica, s\u00f3n f\u00e0cils de preparar afegint aigua<span class=\"excerpt-hellip\"> [\u2026]<\/span><\/p>\n","protected":false},"featured_media":183950,"comment_status":"open","ping_status":"closed","template":"","meta":[],"product_cat":[36],"product_tag":[],"_links":{"self":[{"href":"https:\/\/www.laperlavalles.cat\/ca\/wp-json\/wp\/v2\/product\/183954"}],"collection":[{"href":"https:\/\/www.laperlavalles.cat\/ca\/wp-json\/wp\/v2\/product"}],"about":[{"href":"https:\/\/www.laperlavalles.cat\/ca\/wp-json\/wp\/v2\/types\/product"}],"replies":[{"embeddable":true,"href":"https:\/\/www.laperlavalles.cat\/ca\/wp-json\/wp\/v2\/comments?post=183954"}],"wp:featuredmedia":[{"embeddable":true,"href":"https:\/\/www.laperlavalles.cat\/ca\/wp-json\/wp\/v2\/media\/183950"}],"wp:attachment":[{"href":"https:\/\/www.laperlavalles.cat\/ca\/wp-json\/wp\/v2\/media?parent=183954"}],"wp:term":[{"taxonomy":"product_cat","embeddable":true,"href":"https:\/\/www.laperlavalles.cat\/ca\/wp-json\/wp\/v2\/product_cat?post=183954"},{"taxonomy":"product_tag","embeddable":true,"href":"https:\/\/www.laperlavalles.cat\/ca\/wp-json\/wp\/v2\/product_tag?post=183954"}],"curies":[{"name":"wp","href":"https:\/\/api.w.org\/{rel}","templated":true}]}}