{"id":184043,"date":"2025-02-28T13:00:37","date_gmt":"2025-02-28T12:00:45","guid":{"rendered":"https:\/\/www.laperlavalles.cat\/product\/noodles-nongshim-shin-ramyun-120g\/"},"modified":"2025-03-18T13:50:10","modified_gmt":"2025-03-18T12:50:10","slug":"noodles-nongshim-shin-ramyun-120g","status":"publish","type":"product","link":"https:\/\/www.laperlavalles.cat\/ca\/producte\/noodles-nongshim-shin-ramyun-120g\/","title":{"rendered":"NOODLES NONGSHIM SHIN RAMYUN 120G"},"content":{"rendered":"<p>Noodles Nongshim Shin Ramyun 120g s\u00f3n fideus instantanis amb un brou picant i profundament sabor\u00f3s, elaborats amb esp\u00e8cies coreanes aut\u00e8ntiques. Un cl\u00e0ssic del ramen core\u00e0, perfectes per als amants del picant. Nom\u00e9s cal afegir aigua calenta per gaudir d\u2019un \u00e0pat r\u00e0pid i delici\u00f3s.<\/p>\n","protected":false},"excerpt":{"rendered":"<p>Noodles Nongshim Shin Ramyun 120g s\u00f3n fideus instantanis amb un brou picant i profundament sabor\u00f3s, elaborats amb esp\u00e8cies coreanes aut\u00e8ntiques. Un cl\u00e0ssic del ramen core\u00e0, perfectes<span class=\"excerpt-hellip\"> [\u2026]<\/span><\/p>\n","protected":false},"featured_media":184026,"comment_status":"open","ping_status":"closed","template":"","meta":[],"product_cat":[10617],"product_tag":[],"_links":{"self":[{"href":"https:\/\/www.laperlavalles.cat\/ca\/wp-json\/wp\/v2\/product\/184043"}],"collection":[{"href":"https:\/\/www.laperlavalles.cat\/ca\/wp-json\/wp\/v2\/product"}],"about":[{"href":"https:\/\/www.laperlavalles.cat\/ca\/wp-json\/wp\/v2\/types\/product"}],"replies":[{"embeddable":true,"href":"https:\/\/www.laperlavalles.cat\/ca\/wp-json\/wp\/v2\/comments?post=184043"}],"wp:featuredmedia":[{"embeddable":true,"href":"https:\/\/www.laperlavalles.cat\/ca\/wp-json\/wp\/v2\/media\/184026"}],"wp:attachment":[{"href":"https:\/\/www.laperlavalles.cat\/ca\/wp-json\/wp\/v2\/media?parent=184043"}],"wp:term":[{"taxonomy":"product_cat","embeddable":true,"href":"https:\/\/www.laperlavalles.cat\/ca\/wp-json\/wp\/v2\/product_cat?post=184043"},{"taxonomy":"product_tag","embeddable":true,"href":"https:\/\/www.laperlavalles.cat\/ca\/wp-json\/wp\/v2\/product_tag?post=184043"}],"curies":[{"name":"wp","href":"https:\/\/api.w.org\/{rel}","templated":true}]}}