{"id":184174,"date":"2025-02-28T13:07:34","date_gmt":"2025-02-28T12:07:41","guid":{"rendered":"https:\/\/www.laperlavalles.cat\/product\/noodles-nongshim-shin-kimchi-120g\/"},"modified":"2025-03-18T17:09:38","modified_gmt":"2025-03-18T16:09:38","slug":"noodles-nongshim-shin-kimchi-120g","status":"publish","type":"product","link":"https:\/\/www.laperlavalles.cat\/ca\/producte\/noodles-nongshim-shin-kimchi-120g\/","title":{"rendered":"NOODLES NONGSHIM SHIN KIMCHI 120G"},"content":{"rendered":"<p>Noodles Nongshim Shin Kimchi 120g s\u00f3n fideus instantanis amb un brou intensament sabor\u00f3s i un toc picant caracter\u00edstic del kimchi core\u00e0. Fets amb esp\u00e8cies aut\u00e8ntiques, ofereixen una experi\u00e8ncia culin\u00e0ria tradicional de Corea. Nom\u00e9s cal afegir aigua calenta per gaudir d\u2019un \u00e0pat r\u00e0pid i delici\u00f3s.<\/p>\n","protected":false},"excerpt":{"rendered":"<p>Noodles Nongshim Shin Kimchi 120g s\u00f3n fideus instantanis amb un brou intensament sabor\u00f3s i un toc picant caracter\u00edstic del kimchi core\u00e0. Fets amb esp\u00e8cies aut\u00e8ntiques, ofereixen<span class=\"excerpt-hellip\"> [\u2026]<\/span><\/p>\n","protected":false},"featured_media":184166,"comment_status":"open","ping_status":"closed","template":"","meta":[],"product_cat":[10617],"product_tag":[],"_links":{"self":[{"href":"https:\/\/www.laperlavalles.cat\/ca\/wp-json\/wp\/v2\/product\/184174"}],"collection":[{"href":"https:\/\/www.laperlavalles.cat\/ca\/wp-json\/wp\/v2\/product"}],"about":[{"href":"https:\/\/www.laperlavalles.cat\/ca\/wp-json\/wp\/v2\/types\/product"}],"replies":[{"embeddable":true,"href":"https:\/\/www.laperlavalles.cat\/ca\/wp-json\/wp\/v2\/comments?post=184174"}],"wp:featuredmedia":[{"embeddable":true,"href":"https:\/\/www.laperlavalles.cat\/ca\/wp-json\/wp\/v2\/media\/184166"}],"wp:attachment":[{"href":"https:\/\/www.laperlavalles.cat\/ca\/wp-json\/wp\/v2\/media?parent=184174"}],"wp:term":[{"taxonomy":"product_cat","embeddable":true,"href":"https:\/\/www.laperlavalles.cat\/ca\/wp-json\/wp\/v2\/product_cat?post=184174"},{"taxonomy":"product_tag","embeddable":true,"href":"https:\/\/www.laperlavalles.cat\/ca\/wp-json\/wp\/v2\/product_tag?post=184174"}],"curies":[{"name":"wp","href":"https:\/\/api.w.org\/{rel}","templated":true}]}}