{"id":184344,"date":"2025-02-28T13:19:48","date_gmt":"2025-02-28T12:19:48","guid":{"rendered":"https:\/\/www.laperlavalles.cat\/product\/noodles-nongshim-chapagetti-140g-8\/"},"modified":"2025-02-28T13:19:48","modified_gmt":"2025-02-28T12:19:48","slug":"noodles-nongshim-chapagetti-140g-8","status":"publish","type":"product","link":"https:\/\/www.laperlavalles.cat\/ca\/producte\/noodles-nongshim-chapagetti-140g-8\/","title":{"rendered":"NOODLES NONGSHIM CHAPAGETTI 140G"},"content":{"rendered":"<p>Noodles Nongshim Chapagetti 140g s\u00f3n fideus instantanis inspirats en el plat core\u00e0 &#8220;Jjajangmyeon&#8221;, elaborats amb una salsa espessa de mongetes negres i un toc dol\u00e7 i salat. Ofereixen un sabor ric i profund, ideal per als amants de la gastronomia asi\u00e0tica. F\u00e0cils de preparar, nom\u00e9s cal afegir aigua calenta i barrejar amb la salsa per gaudir d\u2019un \u00e0pat delici\u00f3s en pocs minuts.<\/p>\n","protected":false},"excerpt":{"rendered":"<p>Noodles Nongshim Chapagetti 140g s\u00f3n fideus instantanis inspirats en el plat core\u00e0 &#8220;Jjajangmyeon&#8221;, elaborats amb una salsa espessa de mongetes negres i un toc dol\u00e7 i<span class=\"excerpt-hellip\"> [\u2026]<\/span><\/p>\n","protected":false},"featured_media":184340,"comment_status":"open","ping_status":"closed","template":"","meta":[],"product_cat":[36],"product_tag":[],"_links":{"self":[{"href":"https:\/\/www.laperlavalles.cat\/ca\/wp-json\/wp\/v2\/product\/184344"}],"collection":[{"href":"https:\/\/www.laperlavalles.cat\/ca\/wp-json\/wp\/v2\/product"}],"about":[{"href":"https:\/\/www.laperlavalles.cat\/ca\/wp-json\/wp\/v2\/types\/product"}],"replies":[{"embeddable":true,"href":"https:\/\/www.laperlavalles.cat\/ca\/wp-json\/wp\/v2\/comments?post=184344"}],"wp:featuredmedia":[{"embeddable":true,"href":"https:\/\/www.laperlavalles.cat\/ca\/wp-json\/wp\/v2\/media\/184340"}],"wp:attachment":[{"href":"https:\/\/www.laperlavalles.cat\/ca\/wp-json\/wp\/v2\/media?parent=184344"}],"wp:term":[{"taxonomy":"product_cat","embeddable":true,"href":"https:\/\/www.laperlavalles.cat\/ca\/wp-json\/wp\/v2\/product_cat?post=184344"},{"taxonomy":"product_tag","embeddable":true,"href":"https:\/\/www.laperlavalles.cat\/ca\/wp-json\/wp\/v2\/product_tag?post=184344"}],"curies":[{"name":"wp","href":"https:\/\/api.w.org\/{rel}","templated":true}]}}