{"id":184364,"date":"2025-02-28T13:20:39","date_gmt":"2025-02-28T12:20:46","guid":{"rendered":"https:\/\/www.laperlavalles.cat\/product\/noodles-nongshim-soon-veggie-ramyun-112g\/"},"modified":"2025-02-28T21:20:30","modified_gmt":"2025-02-28T20:20:30","slug":"noodles-nongshim-soon-veggie-ramyun-112g","status":"publish","type":"product","link":"https:\/\/www.laperlavalles.cat\/ca\/producte\/noodles-nongshim-soon-veggie-ramyun-112g\/","title":{"rendered":"NOODLES NONGSHIM SOON VEGGIE RAMYUN 112G"},"content":{"rendered":"<p>Noodles Nongshim Soon Veggie Ramyun 112g s\u00f3n fideus instantanis 100% vegetarians amb un brou suau i sabor\u00f3s elaborat amb ingredients d&#8217;origen vegetal. Amb una combinaci\u00f3 perfecta d&#8217;esp\u00e8cies i verdures, ofereixen una experi\u00e8ncia deliciosa i lleugera, ideal per als qui busquen una opci\u00f3 sense carn. F\u00e0cils de preparar, nom\u00e9s cal afegir aigua calenta per gaudir d\u2019un \u00e0pat r\u00e0pid i nutritiu.<\/p>\n","protected":false},"excerpt":{"rendered":"<p>Noodles Nongshim Soon Veggie Ramyun 112g s\u00f3n fideus instantanis 100% vegetarians amb un brou suau i sabor\u00f3s elaborat amb ingredients d&#8217;origen vegetal. Amb una combinaci\u00f3 perfecta<span class=\"excerpt-hellip\"> [\u2026]<\/span><\/p>\n","protected":false},"featured_media":184356,"comment_status":"open","ping_status":"closed","template":"","meta":[],"product_cat":[10617],"product_tag":[],"_links":{"self":[{"href":"https:\/\/www.laperlavalles.cat\/ca\/wp-json\/wp\/v2\/product\/184364"}],"collection":[{"href":"https:\/\/www.laperlavalles.cat\/ca\/wp-json\/wp\/v2\/product"}],"about":[{"href":"https:\/\/www.laperlavalles.cat\/ca\/wp-json\/wp\/v2\/types\/product"}],"replies":[{"embeddable":true,"href":"https:\/\/www.laperlavalles.cat\/ca\/wp-json\/wp\/v2\/comments?post=184364"}],"wp:featuredmedia":[{"embeddable":true,"href":"https:\/\/www.laperlavalles.cat\/ca\/wp-json\/wp\/v2\/media\/184356"}],"wp:attachment":[{"href":"https:\/\/www.laperlavalles.cat\/ca\/wp-json\/wp\/v2\/media?parent=184364"}],"wp:term":[{"taxonomy":"product_cat","embeddable":true,"href":"https:\/\/www.laperlavalles.cat\/ca\/wp-json\/wp\/v2\/product_cat?post=184364"},{"taxonomy":"product_tag","embeddable":true,"href":"https:\/\/www.laperlavalles.cat\/ca\/wp-json\/wp\/v2\/product_tag?post=184364"}],"curies":[{"name":"wp","href":"https:\/\/api.w.org\/{rel}","templated":true}]}}