{"id":184579,"date":"2025-02-28T13:38:42","date_gmt":"2025-02-28T12:38:42","guid":{"rendered":"https:\/\/www.laperlavalles.cat\/product\/noodles-nongshim-neoguri-ramyun-hot-120g-7\/"},"modified":"2025-02-28T13:38:42","modified_gmt":"2025-02-28T12:38:42","slug":"noodles-nongshim-neoguri-ramyun-hot-120g-7","status":"publish","type":"product","link":"https:\/\/www.laperlavalles.cat\/ca\/producte\/noodles-nongshim-neoguri-ramyun-hot-120g-7\/","title":{"rendered":"NOODLES NONGSHIM NEOGURI RAMYUN HOT 120G"},"content":{"rendered":"<p>Noodles Nongshim Neoguri Ramyun Hot 120g s\u00f3n fideus instantanis gruixuts amb un brou picant i intens de marisc, inspirat en la cuina coreana. La seva combinaci\u00f3 de sabor umami, esp\u00e8cies i una textura ferma els converteixen en una opci\u00f3 ideal per als amants del menjar picant. F\u00e0cils de preparar, nom\u00e9s cal afegir aigua calenta i esperar uns minuts per gaudir d\u2019un \u00e0pat delici\u00f3s i reconfortant.<\/p>\n","protected":false},"excerpt":{"rendered":"<p>Noodles Nongshim Neoguri Ramyun Hot 120g s\u00f3n fideus instantanis gruixuts amb un brou picant i intens de marisc, inspirat en la cuina coreana. La seva combinaci\u00f3<span class=\"excerpt-hellip\"> [\u2026]<\/span><\/p>\n","protected":false},"featured_media":184575,"comment_status":"open","ping_status":"closed","template":"","meta":[],"product_cat":[36],"product_tag":[],"_links":{"self":[{"href":"https:\/\/www.laperlavalles.cat\/ca\/wp-json\/wp\/v2\/product\/184579"}],"collection":[{"href":"https:\/\/www.laperlavalles.cat\/ca\/wp-json\/wp\/v2\/product"}],"about":[{"href":"https:\/\/www.laperlavalles.cat\/ca\/wp-json\/wp\/v2\/types\/product"}],"replies":[{"embeddable":true,"href":"https:\/\/www.laperlavalles.cat\/ca\/wp-json\/wp\/v2\/comments?post=184579"}],"wp:featuredmedia":[{"embeddable":true,"href":"https:\/\/www.laperlavalles.cat\/ca\/wp-json\/wp\/v2\/media\/184575"}],"wp:attachment":[{"href":"https:\/\/www.laperlavalles.cat\/ca\/wp-json\/wp\/v2\/media?parent=184579"}],"wp:term":[{"taxonomy":"product_cat","embeddable":true,"href":"https:\/\/www.laperlavalles.cat\/ca\/wp-json\/wp\/v2\/product_cat?post=184579"},{"taxonomy":"product_tag","embeddable":true,"href":"https:\/\/www.laperlavalles.cat\/ca\/wp-json\/wp\/v2\/product_tag?post=184579"}],"curies":[{"name":"wp","href":"https:\/\/api.w.org\/{rel}","templated":true}]}}