{"id":184644,"date":"2025-02-28T13:44:14","date_gmt":"2025-02-28T12:44:14","guid":{"rendered":"https:\/\/www.laperlavalles.cat\/product\/noodles-nongshim-super-spicy-pot-68g-3\/"},"modified":"2025-02-28T13:44:14","modified_gmt":"2025-02-28T12:44:14","slug":"noodles-nongshim-super-spicy-pot-68g-3","status":"publish","type":"product","link":"https:\/\/www.laperlavalles.cat\/ca\/producte\/noodles-nongshim-super-spicy-pot-68g-3\/","title":{"rendered":"NOODLES NONGSHIM SUPER SPICY POT 68G"},"content":{"rendered":"<p>Noodles Nongshim Super Spicy Pot 68g s\u00f3n fideus instantanis amb un brou extremadament picant, perfectes per als amants de les emocions fortes. La seva combinaci\u00f3 d\u2019esp\u00e8cies intensifica el sabor, oferint una experi\u00e8ncia gastron\u00f2mica ardent i plena de car\u00e0cter. F\u00e0cils de preparar, nom\u00e9s cal afegir aigua calenta i esperar uns minuts per gaudir d\u2019un \u00e0pat r\u00e0pid i ple d\u2019intensitat.<\/p>\n","protected":false},"excerpt":{"rendered":"<p>Noodles Nongshim Super Spicy Pot 68g s\u00f3n fideus instantanis amb un brou extremadament picant, perfectes per als amants de les emocions fortes. La seva combinaci\u00f3 d\u2019esp\u00e8cies<span class=\"excerpt-hellip\"> [\u2026]<\/span><\/p>\n","protected":false},"featured_media":184640,"comment_status":"open","ping_status":"closed","template":"","meta":[],"product_cat":[36],"product_tag":[],"_links":{"self":[{"href":"https:\/\/www.laperlavalles.cat\/ca\/wp-json\/wp\/v2\/product\/184644"}],"collection":[{"href":"https:\/\/www.laperlavalles.cat\/ca\/wp-json\/wp\/v2\/product"}],"about":[{"href":"https:\/\/www.laperlavalles.cat\/ca\/wp-json\/wp\/v2\/types\/product"}],"replies":[{"embeddable":true,"href":"https:\/\/www.laperlavalles.cat\/ca\/wp-json\/wp\/v2\/comments?post=184644"}],"wp:featuredmedia":[{"embeddable":true,"href":"https:\/\/www.laperlavalles.cat\/ca\/wp-json\/wp\/v2\/media\/184640"}],"wp:attachment":[{"href":"https:\/\/www.laperlavalles.cat\/ca\/wp-json\/wp\/v2\/media?parent=184644"}],"wp:term":[{"taxonomy":"product_cat","embeddable":true,"href":"https:\/\/www.laperlavalles.cat\/ca\/wp-json\/wp\/v2\/product_cat?post=184644"},{"taxonomy":"product_tag","embeddable":true,"href":"https:\/\/www.laperlavalles.cat\/ca\/wp-json\/wp\/v2\/product_tag?post=184644"}],"curies":[{"name":"wp","href":"https:\/\/api.w.org\/{rel}","templated":true}]}}