{"id":184739,"date":"2025-02-28T13:53:23","date_gmt":"2025-02-28T12:53:23","guid":{"rendered":"https:\/\/www.laperlavalles.cat\/product\/noodles-nongshim-neoguri-ramyun-mild-120g-3\/"},"modified":"2025-02-28T13:53:23","modified_gmt":"2025-02-28T12:53:23","slug":"noodles-nongshim-neoguri-ramyun-mild-120g-3","status":"publish","type":"product","link":"https:\/\/www.laperlavalles.cat\/ca\/producte\/noodles-nongshim-neoguri-ramyun-mild-120g-3\/","title":{"rendered":"NOODLES NONGSHIM NEOGURI RAMYUN MILD 120G"},"content":{"rendered":"<p>Noodles Nongshim Neoguri Ramyun Mild 120g s\u00f3n fideus instantanis gruixuts amb un brou suau de marisc, amb menys picant que la versi\u00f3 original. Inspirats en la cuina coreana, tenen una textura ferma i un sabor umami profund, acompanyats d&#8217;algues per potenciar el gust mar\u00ed. Perfectes per a aquells que volen gaudir del cl\u00e0ssic Neoguri amb un nivell de picant m\u00e9s moderat.<\/p>\n","protected":false},"excerpt":{"rendered":"<p>Noodles Nongshim Neoguri Ramyun Mild 120g s\u00f3n fideus instantanis gruixuts amb un brou suau de marisc, amb menys picant que la versi\u00f3 original. Inspirats en la<span class=\"excerpt-hellip\"> [\u2026]<\/span><\/p>\n","protected":false},"featured_media":184735,"comment_status":"open","ping_status":"closed","template":"","meta":[],"product_cat":[36],"product_tag":[],"_links":{"self":[{"href":"https:\/\/www.laperlavalles.cat\/ca\/wp-json\/wp\/v2\/product\/184739"}],"collection":[{"href":"https:\/\/www.laperlavalles.cat\/ca\/wp-json\/wp\/v2\/product"}],"about":[{"href":"https:\/\/www.laperlavalles.cat\/ca\/wp-json\/wp\/v2\/types\/product"}],"replies":[{"embeddable":true,"href":"https:\/\/www.laperlavalles.cat\/ca\/wp-json\/wp\/v2\/comments?post=184739"}],"wp:featuredmedia":[{"embeddable":true,"href":"https:\/\/www.laperlavalles.cat\/ca\/wp-json\/wp\/v2\/media\/184735"}],"wp:attachment":[{"href":"https:\/\/www.laperlavalles.cat\/ca\/wp-json\/wp\/v2\/media?parent=184739"}],"wp:term":[{"taxonomy":"product_cat","embeddable":true,"href":"https:\/\/www.laperlavalles.cat\/ca\/wp-json\/wp\/v2\/product_cat?post=184739"},{"taxonomy":"product_tag","embeddable":true,"href":"https:\/\/www.laperlavalles.cat\/ca\/wp-json\/wp\/v2\/product_tag?post=184739"}],"curies":[{"name":"wp","href":"https:\/\/api.w.org\/{rel}","templated":true}]}}