{"id":184864,"date":"2025-02-28T14:03:29","date_gmt":"2025-02-28T13:03:29","guid":{"rendered":"https:\/\/www.laperlavalles.cat\/product\/noodles-nongshim-super-spicy-120g-3\/"},"modified":"2025-02-28T14:03:29","modified_gmt":"2025-02-28T13:03:29","slug":"noodles-nongshim-super-spicy-120g-3","status":"publish","type":"product","link":"https:\/\/www.laperlavalles.cat\/ca\/producte\/noodles-nongshim-super-spicy-120g-3\/","title":{"rendered":"NOODLES NONGSHIM SUPER SPICY 120G"},"content":{"rendered":"<p>Noodles Nongshim Super Spicy 120g s\u00f3n fideus instantanis amb un brou extremadament picant, ideals per als amants dels sabors intensos. Elaborats amb una combinaci\u00f3 d&#8217;esp\u00e8cies coreanes, ofereixen una experi\u00e8ncia ardent i plena de car\u00e0cter. Amb una textura ferma i un sabor profund, s\u00f3n perfectes per als qui busquen un repte culinari picant.<\/p>\n","protected":false},"excerpt":{"rendered":"<p>Noodles Nongshim Super Spicy 120g s\u00f3n fideus instantanis amb un brou extremadament picant, ideals per als amants dels sabors intensos. Elaborats amb una combinaci\u00f3 d&#8217;esp\u00e8cies coreanes,<span class=\"excerpt-hellip\"> [\u2026]<\/span><\/p>\n","protected":false},"featured_media":184860,"comment_status":"open","ping_status":"closed","template":"","meta":[],"product_cat":[36],"product_tag":[],"_links":{"self":[{"href":"https:\/\/www.laperlavalles.cat\/ca\/wp-json\/wp\/v2\/product\/184864"}],"collection":[{"href":"https:\/\/www.laperlavalles.cat\/ca\/wp-json\/wp\/v2\/product"}],"about":[{"href":"https:\/\/www.laperlavalles.cat\/ca\/wp-json\/wp\/v2\/types\/product"}],"replies":[{"embeddable":true,"href":"https:\/\/www.laperlavalles.cat\/ca\/wp-json\/wp\/v2\/comments?post=184864"}],"wp:featuredmedia":[{"embeddable":true,"href":"https:\/\/www.laperlavalles.cat\/ca\/wp-json\/wp\/v2\/media\/184860"}],"wp:attachment":[{"href":"https:\/\/www.laperlavalles.cat\/ca\/wp-json\/wp\/v2\/media?parent=184864"}],"wp:term":[{"taxonomy":"product_cat","embeddable":true,"href":"https:\/\/www.laperlavalles.cat\/ca\/wp-json\/wp\/v2\/product_cat?post=184864"},{"taxonomy":"product_tag","embeddable":true,"href":"https:\/\/www.laperlavalles.cat\/ca\/wp-json\/wp\/v2\/product_tag?post=184864"}],"curies":[{"name":"wp","href":"https:\/\/api.w.org\/{rel}","templated":true}]}}