{"id":184899,"date":"2025-02-28T14:11:38","date_gmt":"2025-02-28T13:11:38","guid":{"rendered":"https:\/\/www.laperlavalles.cat\/product\/noodles-nongshim-ansung-125gr-2\/"},"modified":"2025-02-28T14:11:38","modified_gmt":"2025-02-28T13:11:38","slug":"noodles-nongshim-ansung-125gr-2","status":"publish","type":"product","link":"https:\/\/www.laperlavalles.cat\/ca\/producte\/noodles-nongshim-ansung-125gr-2\/","title":{"rendered":"NOODLES NONGSHIM ANSUNG 125GR"},"content":{"rendered":"<p>Noodles Nongshim Ansung 125gr s\u00f3n fideus instantanis inspirats en la sopa tradicional coreana de pasta de soja (doenjang). Tenen un brou ric i suau amb un sabor umami profund, perfecte per a aquells que busquen una experi\u00e8ncia aut\u00e8ntica i reconfortant. La seva textura ferma i la combinaci\u00f3 d&#8217;esp\u00e8cies fan que siguin una opci\u00f3 deliciosa i satisfact\u00f2ria.<\/p>\n","protected":false},"excerpt":{"rendered":"<p>Noodles Nongshim Ansung 125gr s\u00f3n fideus instantanis inspirats en la sopa tradicional coreana de pasta de soja (doenjang). Tenen un brou ric i suau amb un<span class=\"excerpt-hellip\"> [\u2026]<\/span><\/p>\n","protected":false},"featured_media":184895,"comment_status":"open","ping_status":"closed","template":"","meta":[],"product_cat":[36],"product_tag":[],"_links":{"self":[{"href":"https:\/\/www.laperlavalles.cat\/ca\/wp-json\/wp\/v2\/product\/184899"}],"collection":[{"href":"https:\/\/www.laperlavalles.cat\/ca\/wp-json\/wp\/v2\/product"}],"about":[{"href":"https:\/\/www.laperlavalles.cat\/ca\/wp-json\/wp\/v2\/types\/product"}],"replies":[{"embeddable":true,"href":"https:\/\/www.laperlavalles.cat\/ca\/wp-json\/wp\/v2\/comments?post=184899"}],"wp:featuredmedia":[{"embeddable":true,"href":"https:\/\/www.laperlavalles.cat\/ca\/wp-json\/wp\/v2\/media\/184895"}],"wp:attachment":[{"href":"https:\/\/www.laperlavalles.cat\/ca\/wp-json\/wp\/v2\/media?parent=184899"}],"wp:term":[{"taxonomy":"product_cat","embeddable":true,"href":"https:\/\/www.laperlavalles.cat\/ca\/wp-json\/wp\/v2\/product_cat?post=184899"},{"taxonomy":"product_tag","embeddable":true,"href":"https:\/\/www.laperlavalles.cat\/ca\/wp-json\/wp\/v2\/product_tag?post=184899"}],"curies":[{"name":"wp","href":"https:\/\/api.w.org\/{rel}","templated":true}]}}