{"id":185039,"date":"2025-02-28T14:20:35","date_gmt":"2025-02-28T13:20:35","guid":{"rendered":"https:\/\/www.laperlavalles.cat\/product\/noodles-nongshim-stir-fry-131g-3\/"},"modified":"2025-02-28T14:20:35","modified_gmt":"2025-02-28T13:20:35","slug":"noodles-nongshim-stir-fry-131g-3","status":"publish","type":"product","link":"https:\/\/www.laperlavalles.cat\/ca\/producte\/noodles-nongshim-stir-fry-131g-3\/","title":{"rendered":"NOODLES NONGSHIM STIR FRY 131G"},"content":{"rendered":"<p>Noodles Nongshim Stir Fry 131g s\u00f3n fideus instantanis de fregit r\u00e0pid amb un sabor intens i especiat. Sense brou, aquests fideus tenen una textura masticable i estan recoberts amb una deliciosa salsa coreana, perfecta per als amants dels plats saltejats. F\u00e0cils de preparar, s\u00f3n una opci\u00f3 ideal per a un \u00e0pat r\u00e0pid i sabor\u00f3s.<\/p>\n","protected":false},"excerpt":{"rendered":"<p>Noodles Nongshim Stir Fry 131g s\u00f3n fideus instantanis de fregit r\u00e0pid amb un sabor intens i especiat. Sense brou, aquests fideus tenen una textura masticable i<span class=\"excerpt-hellip\"> [\u2026]<\/span><\/p>\n","protected":false},"featured_media":185035,"comment_status":"open","ping_status":"closed","template":"","meta":[],"product_cat":[36],"product_tag":[],"_links":{"self":[{"href":"https:\/\/www.laperlavalles.cat\/ca\/wp-json\/wp\/v2\/product\/185039"}],"collection":[{"href":"https:\/\/www.laperlavalles.cat\/ca\/wp-json\/wp\/v2\/product"}],"about":[{"href":"https:\/\/www.laperlavalles.cat\/ca\/wp-json\/wp\/v2\/types\/product"}],"replies":[{"embeddable":true,"href":"https:\/\/www.laperlavalles.cat\/ca\/wp-json\/wp\/v2\/comments?post=185039"}],"wp:featuredmedia":[{"embeddable":true,"href":"https:\/\/www.laperlavalles.cat\/ca\/wp-json\/wp\/v2\/media\/185035"}],"wp:attachment":[{"href":"https:\/\/www.laperlavalles.cat\/ca\/wp-json\/wp\/v2\/media?parent=185039"}],"wp:term":[{"taxonomy":"product_cat","embeddable":true,"href":"https:\/\/www.laperlavalles.cat\/ca\/wp-json\/wp\/v2\/product_cat?post=185039"},{"taxonomy":"product_tag","embeddable":true,"href":"https:\/\/www.laperlavalles.cat\/ca\/wp-json\/wp\/v2\/product_tag?post=185039"}],"curies":[{"name":"wp","href":"https:\/\/api.w.org\/{rel}","templated":true}]}}