{"id":185164,"date":"2025-02-28T14:30:01","date_gmt":"2025-02-28T13:30:01","guid":{"rendered":"https:\/\/www.laperlavalles.cat\/product\/noodles-nongshim-seafood-ramyun-125g-8\/"},"modified":"2025-02-28T14:30:01","modified_gmt":"2025-02-28T13:30:01","slug":"noodles-nongshim-seafood-ramyun-125g-8","status":"publish","type":"product","link":"https:\/\/www.laperlavalles.cat\/ca\/producte\/noodles-nongshim-seafood-ramyun-125g-8\/","title":{"rendered":"NOODLES NONGSHIM SEAFOOD RAMYUN 125G"},"content":{"rendered":"<p>Noodles Nongshim Seafood Ramyun 125g s\u00f3n fideus instantanis amb un brou ric en sabor de marisc, combinant gambes, clo\u00efsses i altres ingredients marins. La seva textura ferma i la seva barreja equilibrada d&#8217;esp\u00e8cies fan que siguin una opci\u00f3 deliciosa per als amants del marisc. Perfectes per a un \u00e0pat r\u00e0pid i reconfortant amb un toc core\u00e0.<\/p>\n","protected":false},"excerpt":{"rendered":"<p>Noodles Nongshim Seafood Ramyun 125g s\u00f3n fideus instantanis amb un brou ric en sabor de marisc, combinant gambes, clo\u00efsses i altres ingredients marins. La seva textura<span class=\"excerpt-hellip\"> [\u2026]<\/span><\/p>\n","protected":false},"featured_media":185160,"comment_status":"open","ping_status":"closed","template":"","meta":[],"product_cat":[36],"product_tag":[],"_links":{"self":[{"href":"https:\/\/www.laperlavalles.cat\/ca\/wp-json\/wp\/v2\/product\/185164"}],"collection":[{"href":"https:\/\/www.laperlavalles.cat\/ca\/wp-json\/wp\/v2\/product"}],"about":[{"href":"https:\/\/www.laperlavalles.cat\/ca\/wp-json\/wp\/v2\/types\/product"}],"replies":[{"embeddable":true,"href":"https:\/\/www.laperlavalles.cat\/ca\/wp-json\/wp\/v2\/comments?post=185164"}],"wp:featuredmedia":[{"embeddable":true,"href":"https:\/\/www.laperlavalles.cat\/ca\/wp-json\/wp\/v2\/media\/185160"}],"wp:attachment":[{"href":"https:\/\/www.laperlavalles.cat\/ca\/wp-json\/wp\/v2\/media?parent=185164"}],"wp:term":[{"taxonomy":"product_cat","embeddable":true,"href":"https:\/\/www.laperlavalles.cat\/ca\/wp-json\/wp\/v2\/product_cat?post=185164"},{"taxonomy":"product_tag","embeddable":true,"href":"https:\/\/www.laperlavalles.cat\/ca\/wp-json\/wp\/v2\/product_tag?post=185164"}],"curies":[{"name":"wp","href":"https:\/\/api.w.org\/{rel}","templated":true}]}}