{"id":185214,"date":"2025-02-28T14:32:34","date_gmt":"2025-02-28T13:32:34","guid":{"rendered":"https:\/\/www.laperlavalles.cat\/product\/noodles-nongshim-shin-ramyun-negre-130g-3\/"},"modified":"2025-02-28T14:32:34","modified_gmt":"2025-02-28T13:32:34","slug":"noodles-nongshim-shin-ramyun-negre-130g-3","status":"publish","type":"product","link":"https:\/\/www.laperlavalles.cat\/ca\/producte\/noodles-nongshim-shin-ramyun-negre-130g-3\/","title":{"rendered":"NOODLES NONGSHIM SHIN RAMYUN NEGRE 130G"},"content":{"rendered":"<p>Noodles Nongshim Shin Ramyun Negre 130g s\u00f3n fideus instantanis premium amb un brou intens i especiat, enriquit amb all i extracte d&#8217;os de vedella per a un sabor m\u00e9s profund i robust. Amb una textura ferma i una combinaci\u00f3 d&#8217;esp\u00e8cies perfectament equilibrada, s\u00f3n ideals per als amants del ramen picant i reconfortant.<\/p>\n","protected":false},"excerpt":{"rendered":"<p>Noodles Nongshim Shin Ramyun Negre 130g s\u00f3n fideus instantanis premium amb un brou intens i especiat, enriquit amb all i extracte d&#8217;os de vedella per a<span class=\"excerpt-hellip\"> [\u2026]<\/span><\/p>\n","protected":false},"featured_media":185210,"comment_status":"open","ping_status":"closed","template":"","meta":[],"product_cat":[36],"product_tag":[],"_links":{"self":[{"href":"https:\/\/www.laperlavalles.cat\/ca\/wp-json\/wp\/v2\/product\/185214"}],"collection":[{"href":"https:\/\/www.laperlavalles.cat\/ca\/wp-json\/wp\/v2\/product"}],"about":[{"href":"https:\/\/www.laperlavalles.cat\/ca\/wp-json\/wp\/v2\/types\/product"}],"replies":[{"embeddable":true,"href":"https:\/\/www.laperlavalles.cat\/ca\/wp-json\/wp\/v2\/comments?post=185214"}],"wp:featuredmedia":[{"embeddable":true,"href":"https:\/\/www.laperlavalles.cat\/ca\/wp-json\/wp\/v2\/media\/185210"}],"wp:attachment":[{"href":"https:\/\/www.laperlavalles.cat\/ca\/wp-json\/wp\/v2\/media?parent=185214"}],"wp:term":[{"taxonomy":"product_cat","embeddable":true,"href":"https:\/\/www.laperlavalles.cat\/ca\/wp-json\/wp\/v2\/product_cat?post=185214"},{"taxonomy":"product_tag","embeddable":true,"href":"https:\/\/www.laperlavalles.cat\/ca\/wp-json\/wp\/v2\/product_tag?post=185214"}],"curies":[{"name":"wp","href":"https:\/\/api.w.org\/{rel}","templated":true}]}}