{"id":185419,"date":"2025-02-28T14:46:35","date_gmt":"2025-02-28T13:46:35","guid":{"rendered":"https:\/\/www.laperlavalles.cat\/product\/noodles-nongshim-de-patata-100gr-5\/"},"modified":"2025-02-28T14:46:35","modified_gmt":"2025-02-28T13:46:35","slug":"noodles-nongshim-de-patata-100gr-5","status":"publish","type":"product","link":"https:\/\/www.laperlavalles.cat\/ca\/producte\/noodles-nongshim-de-patata-100gr-5\/","title":{"rendered":"NOODLES NONGSHIM DE PATATA 100GR"},"content":{"rendered":"<p>Noodles Nongshim de Patata 100GR s\u00f3n fideus instantanis elaborats amb mid\u00f3 de patata, donant-los una textura m\u00e9s el\u00e0stica i masticable en comparaci\u00f3 amb els fideus tradicionals. Aquests fideus absorbeixen perfectament el brou, oferint un sabor suau i delici\u00f3s. Ideals per a una experi\u00e8ncia lleugera i reconfortant.<\/p>\n","protected":false},"excerpt":{"rendered":"<p>Noodles Nongshim de Patata 100GR s\u00f3n fideus instantanis elaborats amb mid\u00f3 de patata, donant-los una textura m\u00e9s el\u00e0stica i masticable en comparaci\u00f3 amb els fideus tradicionals.<span class=\"excerpt-hellip\"> [\u2026]<\/span><\/p>\n","protected":false},"featured_media":185415,"comment_status":"open","ping_status":"closed","template":"","meta":[],"product_cat":[36],"product_tag":[],"_links":{"self":[{"href":"https:\/\/www.laperlavalles.cat\/ca\/wp-json\/wp\/v2\/product\/185419"}],"collection":[{"href":"https:\/\/www.laperlavalles.cat\/ca\/wp-json\/wp\/v2\/product"}],"about":[{"href":"https:\/\/www.laperlavalles.cat\/ca\/wp-json\/wp\/v2\/types\/product"}],"replies":[{"embeddable":true,"href":"https:\/\/www.laperlavalles.cat\/ca\/wp-json\/wp\/v2\/comments?post=185419"}],"wp:featuredmedia":[{"embeddable":true,"href":"https:\/\/www.laperlavalles.cat\/ca\/wp-json\/wp\/v2\/media\/185415"}],"wp:attachment":[{"href":"https:\/\/www.laperlavalles.cat\/ca\/wp-json\/wp\/v2\/media?parent=185419"}],"wp:term":[{"taxonomy":"product_cat","embeddable":true,"href":"https:\/\/www.laperlavalles.cat\/ca\/wp-json\/wp\/v2\/product_cat?post=185419"},{"taxonomy":"product_tag","embeddable":true,"href":"https:\/\/www.laperlavalles.cat\/ca\/wp-json\/wp\/v2\/product_tag?post=185419"}],"curies":[{"name":"wp","href":"https:\/\/api.w.org\/{rel}","templated":true}]}}