{"id":185469,"date":"2025-02-28T14:50:37","date_gmt":"2025-02-28T13:50:44","guid":{"rendered":"https:\/\/www.laperlavalles.cat\/product\/noodles-nongshim-shin-pot-68gr\/"},"modified":"2025-03-18T16:30:23","modified_gmt":"2025-03-18T15:30:23","slug":"noodles-nongshim-shin-pot-68gr","status":"publish","type":"product","link":"https:\/\/www.laperlavalles.cat\/ca\/producte\/noodles-nongshim-shin-pot-68gr\/","title":{"rendered":"NOODLES NONGSHIM SHIN POT 68GR"},"content":{"rendered":"<p>Noodles Nongshim Shin Pot 68GR s\u00f3n fideus instantanis en format got, coneguts pel seu brou especiat i profundament sabor\u00f3s. Amb un equilibri perfecte entre picantor i umami, s\u00f3n ideals per a aquells que busquen una opci\u00f3 r\u00e0pida i deliciosa amb el t\u00edpic gust Shin Ramyun.<\/p>\n","protected":false},"excerpt":{"rendered":"<p>Noodles Nongshim Shin Pot 68GR s\u00f3n fideus instantanis en format got, coneguts pel seu brou especiat i profundament sabor\u00f3s. Amb un equilibri perfecte entre picantor i<span class=\"excerpt-hellip\"> [\u2026]<\/span><\/p>\n","protected":false},"featured_media":185461,"comment_status":"open","ping_status":"closed","template":"","meta":[],"product_cat":[10617],"product_tag":[],"_links":{"self":[{"href":"https:\/\/www.laperlavalles.cat\/ca\/wp-json\/wp\/v2\/product\/185469"}],"collection":[{"href":"https:\/\/www.laperlavalles.cat\/ca\/wp-json\/wp\/v2\/product"}],"about":[{"href":"https:\/\/www.laperlavalles.cat\/ca\/wp-json\/wp\/v2\/types\/product"}],"replies":[{"embeddable":true,"href":"https:\/\/www.laperlavalles.cat\/ca\/wp-json\/wp\/v2\/comments?post=185469"}],"wp:featuredmedia":[{"embeddable":true,"href":"https:\/\/www.laperlavalles.cat\/ca\/wp-json\/wp\/v2\/media\/185461"}],"wp:attachment":[{"href":"https:\/\/www.laperlavalles.cat\/ca\/wp-json\/wp\/v2\/media?parent=185469"}],"wp:term":[{"taxonomy":"product_cat","embeddable":true,"href":"https:\/\/www.laperlavalles.cat\/ca\/wp-json\/wp\/v2\/product_cat?post=185469"},{"taxonomy":"product_tag","embeddable":true,"href":"https:\/\/www.laperlavalles.cat\/ca\/wp-json\/wp\/v2\/product_tag?post=185469"}],"curies":[{"name":"wp","href":"https:\/\/api.w.org\/{rel}","templated":true}]}}