{"id":185929,"date":"2025-02-28T15:26:08","date_gmt":"2025-02-28T14:26:08","guid":{"rendered":"https:\/\/www.laperlavalles.cat\/product\/noodles-nongshim-shin-kimchi-bowl-112gr-8\/"},"modified":"2025-02-28T15:26:08","modified_gmt":"2025-02-28T14:26:08","slug":"noodles-nongshim-shin-kimchi-bowl-112gr-8","status":"publish","type":"product","link":"https:\/\/www.laperlavalles.cat\/ca\/producte\/noodles-nongshim-shin-kimchi-bowl-112gr-8\/","title":{"rendered":"NOODLES NONGSHIM SHIN KIMCHI BOWL 112GR"},"content":{"rendered":"<p>Noodles Nongshim Shin Kimchi Bowl 112GR s\u00f3n fideus instantanis en format bol, amb el sabor Shin Ramyun cl\u00e0ssic combinat amb l&#8217;intens gust del kimchi core\u00e0. El seu brou \u00e9s ric, especiat i lleugerament \u00e0cid, proporcionant una experi\u00e8ncia aut\u00e8ntica i reconfortant per als amants dels sabors forts.<\/p>\n","protected":false},"excerpt":{"rendered":"<p>Noodles Nongshim Shin Kimchi Bowl 112GR s\u00f3n fideus instantanis en format bol, amb el sabor Shin Ramyun cl\u00e0ssic combinat amb l&#8217;intens gust del kimchi core\u00e0. El<span class=\"excerpt-hellip\"> [\u2026]<\/span><\/p>\n","protected":false},"featured_media":185925,"comment_status":"open","ping_status":"closed","template":"","meta":[],"product_cat":[36],"product_tag":[],"_links":{"self":[{"href":"https:\/\/www.laperlavalles.cat\/ca\/wp-json\/wp\/v2\/product\/185929"}],"collection":[{"href":"https:\/\/www.laperlavalles.cat\/ca\/wp-json\/wp\/v2\/product"}],"about":[{"href":"https:\/\/www.laperlavalles.cat\/ca\/wp-json\/wp\/v2\/types\/product"}],"replies":[{"embeddable":true,"href":"https:\/\/www.laperlavalles.cat\/ca\/wp-json\/wp\/v2\/comments?post=185929"}],"wp:featuredmedia":[{"embeddable":true,"href":"https:\/\/www.laperlavalles.cat\/ca\/wp-json\/wp\/v2\/media\/185925"}],"wp:attachment":[{"href":"https:\/\/www.laperlavalles.cat\/ca\/wp-json\/wp\/v2\/media?parent=185929"}],"wp:term":[{"taxonomy":"product_cat","embeddable":true,"href":"https:\/\/www.laperlavalles.cat\/ca\/wp-json\/wp\/v2\/product_cat?post=185929"},{"taxonomy":"product_tag","embeddable":true,"href":"https:\/\/www.laperlavalles.cat\/ca\/wp-json\/wp\/v2\/product_tag?post=185929"}],"curies":[{"name":"wp","href":"https:\/\/api.w.org\/{rel}","templated":true}]}}