{"id":186234,"date":"2025-02-28T15:50:38","date_gmt":"2025-02-28T14:50:38","guid":{"rendered":"https:\/\/www.laperlavalles.cat\/product\/noodles-nongshim-shin-ramyun-pollastre-picant-120gr-8\/"},"modified":"2025-02-28T15:50:38","modified_gmt":"2025-02-28T14:50:38","slug":"noodles-nongshim-shin-ramyun-pollastre-picant-120gr-8","status":"publish","type":"product","link":"https:\/\/www.laperlavalles.cat\/ca\/producte\/noodles-nongshim-shin-ramyun-pollastre-picant-120gr-8\/","title":{"rendered":"NOODLES NONGSHIM SHIN RAMYUN POLLASTRE PICANT 120GR"},"content":{"rendered":"<p>Noodles Nongshim Shin Ramyun Pollastre Picant 120GR s\u00f3n fideus instantanis amb un brou intens de pollastre i un toc picant caracter\u00edstic. La combinaci\u00f3 d\u2019esp\u00e8cies i la seva textura suau els converteixen en una opci\u00f3 ideal per als amants dels sabors forts i especiats.<\/p>\n","protected":false},"excerpt":{"rendered":"<p>Noodles Nongshim Shin Ramyun Pollastre Picant 120GR s\u00f3n fideus instantanis amb un brou intens de pollastre i un toc picant caracter\u00edstic. La combinaci\u00f3 d\u2019esp\u00e8cies i la<span class=\"excerpt-hellip\"> [\u2026]<\/span><\/p>\n","protected":false},"featured_media":186230,"comment_status":"open","ping_status":"closed","template":"","meta":[],"product_cat":[36],"product_tag":[],"_links":{"self":[{"href":"https:\/\/www.laperlavalles.cat\/ca\/wp-json\/wp\/v2\/product\/186234"}],"collection":[{"href":"https:\/\/www.laperlavalles.cat\/ca\/wp-json\/wp\/v2\/product"}],"about":[{"href":"https:\/\/www.laperlavalles.cat\/ca\/wp-json\/wp\/v2\/types\/product"}],"replies":[{"embeddable":true,"href":"https:\/\/www.laperlavalles.cat\/ca\/wp-json\/wp\/v2\/comments?post=186234"}],"wp:featuredmedia":[{"embeddable":true,"href":"https:\/\/www.laperlavalles.cat\/ca\/wp-json\/wp\/v2\/media\/186230"}],"wp:attachment":[{"href":"https:\/\/www.laperlavalles.cat\/ca\/wp-json\/wp\/v2\/media?parent=186234"}],"wp:term":[{"taxonomy":"product_cat","embeddable":true,"href":"https:\/\/www.laperlavalles.cat\/ca\/wp-json\/wp\/v2\/product_cat?post=186234"},{"taxonomy":"product_tag","embeddable":true,"href":"https:\/\/www.laperlavalles.cat\/ca\/wp-json\/wp\/v2\/product_tag?post=186234"}],"curies":[{"name":"wp","href":"https:\/\/api.w.org\/{rel}","templated":true}]}}