{"id":186294,"date":"2025-02-28T15:56:14","date_gmt":"2025-02-28T14:56:14","guid":{"rendered":"https:\/\/www.laperlavalles.cat\/product\/noodles-nongshim-kimchi-bowl-100gr-4\/"},"modified":"2025-02-28T15:56:14","modified_gmt":"2025-02-28T14:56:14","slug":"noodles-nongshim-kimchi-bowl-100gr-4","status":"publish","type":"product","link":"https:\/\/www.laperlavalles.cat\/ca\/producte\/noodles-nongshim-kimchi-bowl-100gr-4\/","title":{"rendered":"NOODLES NONGSHIM KIMCHI BOWL 100GR"},"content":{"rendered":"<p>Noodles Nongshim Kimchi Bowl 100GR s\u00f3n fideus instantanis amb el cl\u00e0ssic sabor del kimchi, un plat tradicional core\u00e0 fermentat i especiat. Amb un brou ric en umami i un toc lleugerament picant, s\u00f3n ideals per als amants dels sabors aut\u00e8ntics i intensos.<\/p>\n","protected":false},"excerpt":{"rendered":"<p>Noodles Nongshim Kimchi Bowl 100GR s\u00f3n fideus instantanis amb el cl\u00e0ssic sabor del kimchi, un plat tradicional core\u00e0 fermentat i especiat. Amb un brou ric en<span class=\"excerpt-hellip\"> [\u2026]<\/span><\/p>\n","protected":false},"featured_media":186290,"comment_status":"open","ping_status":"closed","template":"","meta":[],"product_cat":[36],"product_tag":[],"_links":{"self":[{"href":"https:\/\/www.laperlavalles.cat\/ca\/wp-json\/wp\/v2\/product\/186294"}],"collection":[{"href":"https:\/\/www.laperlavalles.cat\/ca\/wp-json\/wp\/v2\/product"}],"about":[{"href":"https:\/\/www.laperlavalles.cat\/ca\/wp-json\/wp\/v2\/types\/product"}],"replies":[{"embeddable":true,"href":"https:\/\/www.laperlavalles.cat\/ca\/wp-json\/wp\/v2\/comments?post=186294"}],"wp:featuredmedia":[{"embeddable":true,"href":"https:\/\/www.laperlavalles.cat\/ca\/wp-json\/wp\/v2\/media\/186290"}],"wp:attachment":[{"href":"https:\/\/www.laperlavalles.cat\/ca\/wp-json\/wp\/v2\/media?parent=186294"}],"wp:term":[{"taxonomy":"product_cat","embeddable":true,"href":"https:\/\/www.laperlavalles.cat\/ca\/wp-json\/wp\/v2\/product_cat?post=186294"},{"taxonomy":"product_tag","embeddable":true,"href":"https:\/\/www.laperlavalles.cat\/ca\/wp-json\/wp\/v2\/product_tag?post=186294"}],"curies":[{"name":"wp","href":"https:\/\/api.w.org\/{rel}","templated":true}]}}