{"id":186404,"date":"2025-02-28T16:08:31","date_gmt":"2025-02-28T15:08:31","guid":{"rendered":"https:\/\/www.laperlavalles.cat\/product\/noodles-nongshim-pollastre-picant-bowl-100gr-5\/"},"modified":"2025-02-28T16:08:31","modified_gmt":"2025-02-28T15:08:31","slug":"noodles-nongshim-pollastre-picant-bowl-100gr-5","status":"publish","type":"product","link":"https:\/\/www.laperlavalles.cat\/ca\/producte\/noodles-nongshim-pollastre-picant-bowl-100gr-5\/","title":{"rendered":"NOODLES NONGSHIM POLLASTRE PICANT BOWL 100GR"},"content":{"rendered":"<p>Noodles Nongshim Pollastre Picant Bowl 100GR s\u00f3n fideus instantanis amb un intens sabor a pollastre i un toc picant que aporta una experi\u00e8ncia plena de sabor. El seu brou ric i especiat els converteix en una opci\u00f3 ideal per als amants dels plats amb car\u00e0cter.<\/p>\n","protected":false},"excerpt":{"rendered":"<p>Noodles Nongshim Pollastre Picant Bowl 100GR s\u00f3n fideus instantanis amb un intens sabor a pollastre i un toc picant que aporta una experi\u00e8ncia plena de sabor.<span class=\"excerpt-hellip\"> [\u2026]<\/span><\/p>\n","protected":false},"featured_media":186400,"comment_status":"open","ping_status":"closed","template":"","meta":[],"product_cat":[36],"product_tag":[],"_links":{"self":[{"href":"https:\/\/www.laperlavalles.cat\/ca\/wp-json\/wp\/v2\/product\/186404"}],"collection":[{"href":"https:\/\/www.laperlavalles.cat\/ca\/wp-json\/wp\/v2\/product"}],"about":[{"href":"https:\/\/www.laperlavalles.cat\/ca\/wp-json\/wp\/v2\/types\/product"}],"replies":[{"embeddable":true,"href":"https:\/\/www.laperlavalles.cat\/ca\/wp-json\/wp\/v2\/comments?post=186404"}],"wp:featuredmedia":[{"embeddable":true,"href":"https:\/\/www.laperlavalles.cat\/ca\/wp-json\/wp\/v2\/media\/186400"}],"wp:attachment":[{"href":"https:\/\/www.laperlavalles.cat\/ca\/wp-json\/wp\/v2\/media?parent=186404"}],"wp:term":[{"taxonomy":"product_cat","embeddable":true,"href":"https:\/\/www.laperlavalles.cat\/ca\/wp-json\/wp\/v2\/product_cat?post=186404"},{"taxonomy":"product_tag","embeddable":true,"href":"https:\/\/www.laperlavalles.cat\/ca\/wp-json\/wp\/v2\/product_tag?post=186404"}],"curies":[{"name":"wp","href":"https:\/\/api.w.org\/{rel}","templated":true}]}}