{"id":186514,"date":"2025-02-28T16:19:50","date_gmt":"2025-02-28T15:19:50","guid":{"rendered":"https:\/\/www.laperlavalles.cat\/product\/noodles-nongshim-tempura-udon-pot-62gr-6\/"},"modified":"2025-02-28T16:19:50","modified_gmt":"2025-02-28T15:19:50","slug":"noodles-nongshim-tempura-udon-pot-62gr-6","status":"publish","type":"product","link":"https:\/\/www.laperlavalles.cat\/ca\/producte\/noodles-nongshim-tempura-udon-pot-62gr-6\/","title":{"rendered":"NOODLES NONGSHIM TEMPURA UDON POT 62GR"},"content":{"rendered":"<p>Noodles Nongshim Tempura Udon Pot 62GR s\u00f3n fideus udon instantanis amb un brou sabor\u00f3s i un toc lleugerament dol\u00e7, inspirat en la cuina japonesa. Inclou trossets de tempura cruixent per afegir una textura deliciosa a cada cullerada.<\/p>\n","protected":false},"excerpt":{"rendered":"<p>Noodles Nongshim Tempura Udon Pot 62GR s\u00f3n fideus udon instantanis amb un brou sabor\u00f3s i un toc lleugerament dol\u00e7, inspirat en la cuina japonesa. Inclou trossets<span class=\"excerpt-hellip\"> [\u2026]<\/span><\/p>\n","protected":false},"featured_media":186510,"comment_status":"open","ping_status":"closed","template":"","meta":[],"product_cat":[36],"product_tag":[],"_links":{"self":[{"href":"https:\/\/www.laperlavalles.cat\/ca\/wp-json\/wp\/v2\/product\/186514"}],"collection":[{"href":"https:\/\/www.laperlavalles.cat\/ca\/wp-json\/wp\/v2\/product"}],"about":[{"href":"https:\/\/www.laperlavalles.cat\/ca\/wp-json\/wp\/v2\/types\/product"}],"replies":[{"embeddable":true,"href":"https:\/\/www.laperlavalles.cat\/ca\/wp-json\/wp\/v2\/comments?post=186514"}],"wp:featuredmedia":[{"embeddable":true,"href":"https:\/\/www.laperlavalles.cat\/ca\/wp-json\/wp\/v2\/media\/186510"}],"wp:attachment":[{"href":"https:\/\/www.laperlavalles.cat\/ca\/wp-json\/wp\/v2\/media?parent=186514"}],"wp:term":[{"taxonomy":"product_cat","embeddable":true,"href":"https:\/\/www.laperlavalles.cat\/ca\/wp-json\/wp\/v2\/product_cat?post=186514"},{"taxonomy":"product_tag","embeddable":true,"href":"https:\/\/www.laperlavalles.cat\/ca\/wp-json\/wp\/v2\/product_tag?post=186514"}],"curies":[{"name":"wp","href":"https:\/\/api.w.org\/{rel}","templated":true}]}}