{"id":186734,"date":"2025-02-28T16:35:55","date_gmt":"2025-02-28T15:35:55","guid":{"rendered":"https:\/\/www.laperlavalles.cat\/product\/noodles-nongshim-gamba-bowl-115gr-6\/"},"modified":"2025-02-28T16:35:55","modified_gmt":"2025-02-28T15:35:55","slug":"noodles-nongshim-gamba-bowl-115gr-6","status":"publish","type":"product","link":"https:\/\/www.laperlavalles.cat\/ca\/producte\/noodles-nongshim-gamba-bowl-115gr-6\/","title":{"rendered":"NOODLES NONGSHIM GAMBA BOWL 115GR"},"content":{"rendered":"<p>Noodles Nongshim Gamba Bowl 115GR s\u00f3n fideus instantanis amb un brou ric i sabor\u00f3s de gamba, inspirat en la cuina asi\u00e0tica. Ofereixen un equilibri perfecte entre el gust intens del marisc i les esp\u00e8cies tradicionals, creant una experi\u00e8ncia deliciosa i reconfortant.<\/p>\n","protected":false},"excerpt":{"rendered":"<p>Noodles Nongshim Gamba Bowl 115GR s\u00f3n fideus instantanis amb un brou ric i sabor\u00f3s de gamba, inspirat en la cuina asi\u00e0tica. Ofereixen un equilibri perfecte entre<span class=\"excerpt-hellip\"> [\u2026]<\/span><\/p>\n","protected":false},"featured_media":186730,"comment_status":"open","ping_status":"closed","template":"","meta":[],"product_cat":[36],"product_tag":[],"_links":{"self":[{"href":"https:\/\/www.laperlavalles.cat\/ca\/wp-json\/wp\/v2\/product\/186734"}],"collection":[{"href":"https:\/\/www.laperlavalles.cat\/ca\/wp-json\/wp\/v2\/product"}],"about":[{"href":"https:\/\/www.laperlavalles.cat\/ca\/wp-json\/wp\/v2\/types\/product"}],"replies":[{"embeddable":true,"href":"https:\/\/www.laperlavalles.cat\/ca\/wp-json\/wp\/v2\/comments?post=186734"}],"wp:featuredmedia":[{"embeddable":true,"href":"https:\/\/www.laperlavalles.cat\/ca\/wp-json\/wp\/v2\/media\/186730"}],"wp:attachment":[{"href":"https:\/\/www.laperlavalles.cat\/ca\/wp-json\/wp\/v2\/media?parent=186734"}],"wp:term":[{"taxonomy":"product_cat","embeddable":true,"href":"https:\/\/www.laperlavalles.cat\/ca\/wp-json\/wp\/v2\/product_cat?post=186734"},{"taxonomy":"product_tag","embeddable":true,"href":"https:\/\/www.laperlavalles.cat\/ca\/wp-json\/wp\/v2\/product_tag?post=186734"}],"curies":[{"name":"wp","href":"https:\/\/api.w.org\/{rel}","templated":true}]}}