{"id":186924,"date":"2025-03-12T12:17:23","date_gmt":"2025-03-12T11:17:30","guid":{"rendered":"https:\/\/www.laperlavalles.cat\/product\/sardines-amb-salsa-de-tomaquet-picant-anny-425g\/"},"modified":"2025-09-04T16:50:04","modified_gmt":"2025-09-04T14:50:04","slug":"sardines-amb-salsa-de-tomaquet-picant-anny-425g","status":"publish","type":"product","link":"https:\/\/www.laperlavalles.cat\/ca\/producte\/sardines-amb-salsa-de-tomaquet-picant-anny-425g\/","title":{"rendered":"Sardines amb Salsa de Tom\u00e0quet Picant Anny 425g"},"content":{"rendered":"<p> Sardines en conserva amb salsa de tom\u00e0quet picant, per als amants del gust intens i els plats m\u00e9s saborosos.<\/p>\n","protected":false},"excerpt":{"rendered":"<p>Sardines en conserva amb salsa de tom\u00e0quet picant, per als amants del gust intens i els plats m\u00e9s saborosos.<\/p>\n","protected":false},"featured_media":186916,"comment_status":"open","ping_status":"closed","template":"","meta":[],"product_cat":[10617],"product_tag":[],"_links":{"self":[{"href":"https:\/\/www.laperlavalles.cat\/ca\/wp-json\/wp\/v2\/product\/186924"}],"collection":[{"href":"https:\/\/www.laperlavalles.cat\/ca\/wp-json\/wp\/v2\/product"}],"about":[{"href":"https:\/\/www.laperlavalles.cat\/ca\/wp-json\/wp\/v2\/types\/product"}],"replies":[{"embeddable":true,"href":"https:\/\/www.laperlavalles.cat\/ca\/wp-json\/wp\/v2\/comments?post=186924"}],"wp:featuredmedia":[{"embeddable":true,"href":"https:\/\/www.laperlavalles.cat\/ca\/wp-json\/wp\/v2\/media\/186916"}],"wp:attachment":[{"href":"https:\/\/www.laperlavalles.cat\/ca\/wp-json\/wp\/v2\/media?parent=186924"}],"wp:term":[{"taxonomy":"product_cat","embeddable":true,"href":"https:\/\/www.laperlavalles.cat\/ca\/wp-json\/wp\/v2\/product_cat?post=186924"},{"taxonomy":"product_tag","embeddable":true,"href":"https:\/\/www.laperlavalles.cat\/ca\/wp-json\/wp\/v2\/product_tag?post=186924"}],"curies":[{"name":"wp","href":"https:\/\/api.w.org\/{rel}","templated":true}]}}