{"id":187004,"date":"2025-03-12T12:23:55","date_gmt":"2025-03-12T11:23:55","guid":{"rendered":"https:\/\/www.laperlavalles.cat\/product\/hypermalt-25cl-3\/"},"modified":"2025-03-12T12:23:55","modified_gmt":"2025-03-12T11:23:55","slug":"hypermalt-25cl-3","status":"publish","type":"product","link":"https:\/\/www.laperlavalles.cat\/ca\/producte\/hypermalt-25cl-3\/","title":{"rendered":"HYPERMALT 25CL"},"content":{"rendered":"<p>La beguda de malta Hyper Malt \u00e9s una beguda dol\u00e7a, fosca i nutritiva elaborada nom\u00e9s amb els millors ingredients.<br \/>\nHyper Malt no cont\u00e9 alcohol, per la qual cosa \u00e9s ideal en totes les regions.<br \/>\n\u00c9s coneguda pel seu gust de malta, el seu intens cos i la seva deliciosa suavitat. Est\u00e0 elaborada a partir d&#8217;ingredients naturals (consta de tres maltes diferents: Pilsner, Munich i malta caramel) i amb m\u00e8todes tradicionals.<br \/>\nRica en vitamina B, cont\u00e9 biotina i vitamina B12, sense extracte de malta, conservants ni aromes artificials.<\/p>\n","protected":false},"excerpt":{"rendered":"<p>La beguda de malta Hyper Malt \u00e9s una beguda dol\u00e7a, fosca i nutritiva elaborada nom\u00e9s amb els millors ingredients. Hyper Malt no cont\u00e9 alcohol, per la<span class=\"excerpt-hellip\"> [\u2026]<\/span><\/p>\n","protected":false},"featured_media":187000,"comment_status":"open","ping_status":"closed","template":"","meta":[],"product_cat":[8405,8507],"product_tag":[],"_links":{"self":[{"href":"https:\/\/www.laperlavalles.cat\/ca\/wp-json\/wp\/v2\/product\/187004"}],"collection":[{"href":"https:\/\/www.laperlavalles.cat\/ca\/wp-json\/wp\/v2\/product"}],"about":[{"href":"https:\/\/www.laperlavalles.cat\/ca\/wp-json\/wp\/v2\/types\/product"}],"replies":[{"embeddable":true,"href":"https:\/\/www.laperlavalles.cat\/ca\/wp-json\/wp\/v2\/comments?post=187004"}],"wp:featuredmedia":[{"embeddable":true,"href":"https:\/\/www.laperlavalles.cat\/ca\/wp-json\/wp\/v2\/media\/187000"}],"wp:attachment":[{"href":"https:\/\/www.laperlavalles.cat\/ca\/wp-json\/wp\/v2\/media?parent=187004"}],"wp:term":[{"taxonomy":"product_cat","embeddable":true,"href":"https:\/\/www.laperlavalles.cat\/ca\/wp-json\/wp\/v2\/product_cat?post=187004"},{"taxonomy":"product_tag","embeddable":true,"href":"https:\/\/www.laperlavalles.cat\/ca\/wp-json\/wp\/v2\/product_tag?post=187004"}],"curies":[{"name":"wp","href":"https:\/\/api.w.org\/{rel}","templated":true}]}}