{"id":187114,"date":"2025-03-12T12:33:45","date_gmt":"2025-03-12T11:33:45","guid":{"rendered":"https:\/\/www.laperlavalles.cat\/product\/sardines-amb-salsa-de-tomaquet-anny-425g-3\/"},"modified":"2025-03-12T12:33:45","modified_gmt":"2025-03-12T11:33:45","slug":"sardines-amb-salsa-de-tomaquet-anny-425g-3","status":"publish","type":"product","link":"https:\/\/www.laperlavalles.cat\/ca\/producte\/sardines-amb-salsa-de-tomaquet-anny-425g-3\/","title":{"rendered":"Sardines amb salsa de Tom\u00e0quet Anny 425g"},"content":{"rendered":"<p>Sardines en conserva amb una deliciosa salsa de tom\u00e0quet, ideals per a aperitius o plats r\u00e0pids.<\/p>\n","protected":false},"excerpt":{"rendered":"<p>Sardines en conserva amb una deliciosa salsa de tom\u00e0quet, ideals per a aperitius o plats r\u00e0pids.<\/p>\n","protected":false},"featured_media":187110,"comment_status":"open","ping_status":"closed","template":"","meta":[],"product_cat":[36],"product_tag":[],"_links":{"self":[{"href":"https:\/\/www.laperlavalles.cat\/ca\/wp-json\/wp\/v2\/product\/187114"}],"collection":[{"href":"https:\/\/www.laperlavalles.cat\/ca\/wp-json\/wp\/v2\/product"}],"about":[{"href":"https:\/\/www.laperlavalles.cat\/ca\/wp-json\/wp\/v2\/types\/product"}],"replies":[{"embeddable":true,"href":"https:\/\/www.laperlavalles.cat\/ca\/wp-json\/wp\/v2\/comments?post=187114"}],"wp:featuredmedia":[{"embeddable":true,"href":"https:\/\/www.laperlavalles.cat\/ca\/wp-json\/wp\/v2\/media\/187110"}],"wp:attachment":[{"href":"https:\/\/www.laperlavalles.cat\/ca\/wp-json\/wp\/v2\/media?parent=187114"}],"wp:term":[{"taxonomy":"product_cat","embeddable":true,"href":"https:\/\/www.laperlavalles.cat\/ca\/wp-json\/wp\/v2\/product_cat?post=187114"},{"taxonomy":"product_tag","embeddable":true,"href":"https:\/\/www.laperlavalles.cat\/ca\/wp-json\/wp\/v2\/product_tag?post=187114"}],"curies":[{"name":"wp","href":"https:\/\/api.w.org\/{rel}","templated":true}]}}