{"id":187174,"date":"2025-03-12T12:39:33","date_gmt":"2025-03-12T11:39:33","guid":{"rendered":"https:\/\/www.laperlavalles.cat\/product\/sardines-amb-salsa-de-tomaquet-anny-425g-7\/"},"modified":"2025-03-12T12:39:33","modified_gmt":"2025-03-12T11:39:33","slug":"sardines-amb-salsa-de-tomaquet-anny-425g-7","status":"publish","type":"product","link":"https:\/\/www.laperlavalles.cat\/ca\/producte\/sardines-amb-salsa-de-tomaquet-anny-425g-7\/","title":{"rendered":"Sardines amb salsa de Tom\u00e0quet Anny 425g"},"content":{"rendered":"<p>Sardines en conserva amb una deliciosa salsa de tom\u00e0quet, ideals per a aperitius o plats r\u00e0pids.<\/p>\n","protected":false},"excerpt":{"rendered":"<p>Sardines en conserva amb una deliciosa salsa de tom\u00e0quet, ideals per a aperitius o plats r\u00e0pids.<\/p>\n","protected":false},"featured_media":187170,"comment_status":"open","ping_status":"closed","template":"","meta":[],"product_cat":[36],"product_tag":[],"_links":{"self":[{"href":"https:\/\/www.laperlavalles.cat\/ca\/wp-json\/wp\/v2\/product\/187174"}],"collection":[{"href":"https:\/\/www.laperlavalles.cat\/ca\/wp-json\/wp\/v2\/product"}],"about":[{"href":"https:\/\/www.laperlavalles.cat\/ca\/wp-json\/wp\/v2\/types\/product"}],"replies":[{"embeddable":true,"href":"https:\/\/www.laperlavalles.cat\/ca\/wp-json\/wp\/v2\/comments?post=187174"}],"wp:featuredmedia":[{"embeddable":true,"href":"https:\/\/www.laperlavalles.cat\/ca\/wp-json\/wp\/v2\/media\/187170"}],"wp:attachment":[{"href":"https:\/\/www.laperlavalles.cat\/ca\/wp-json\/wp\/v2\/media?parent=187174"}],"wp:term":[{"taxonomy":"product_cat","embeddable":true,"href":"https:\/\/www.laperlavalles.cat\/ca\/wp-json\/wp\/v2\/product_cat?post=187174"},{"taxonomy":"product_tag","embeddable":true,"href":"https:\/\/www.laperlavalles.cat\/ca\/wp-json\/wp\/v2\/product_tag?post=187174"}],"curies":[{"name":"wp","href":"https:\/\/api.w.org\/{rel}","templated":true}]}}