{"id":187914,"date":"2025-03-12T13:29:04","date_gmt":"2025-03-12T12:29:04","guid":{"rendered":"https:\/\/www.laperlavalles.cat\/product\/fideus-instantanis-hello-pho-wok-gust-vedella-acecook-76gr-7\/"},"modified":"2025-03-12T13:29:04","modified_gmt":"2025-03-12T12:29:04","slug":"fideus-instantanis-hello-pho-wok-gust-vedella-acecook-76gr-7","status":"publish","type":"product","link":"https:\/\/www.laperlavalles.cat\/ca\/producte\/fideus-instantanis-hello-pho-wok-gust-vedella-acecook-76gr-7\/","title":{"rendered":"Fideus Instantanis HELLO PHO WOK Gust Vedella Acecook 76gr"},"content":{"rendered":"<p>Fideus Instantanis HELLO PHO WOK Sabor Vedella, una opci\u00f3 perfecta per a aquells que busquen un \u00e0pat r\u00e0pid sense comprometre el gust. Inspirats en la tradicional sopa vietnamita Pho, aquests fideus ofereixen una experi\u00e8ncia culin\u00e0ria rica i satisfact\u00f2ria. Nom\u00e9s cal afegir aigua bullent, esperar uns minuts i gaudir d&#8217;un plat delici\u00f3s en qualsevol moment del dia.<\/p>\n","protected":false},"excerpt":{"rendered":"<p>Fideus Instantanis HELLO PHO WOK Sabor Vedella, una opci\u00f3 perfecta per a aquells que busquen un \u00e0pat r\u00e0pid sense comprometre el gust. Inspirats en la tradicional<span class=\"excerpt-hellip\"> [\u2026]<\/span><\/p>\n","protected":false},"featured_media":187910,"comment_status":"open","ping_status":"closed","template":"","meta":[],"product_cat":[36],"product_tag":[],"_links":{"self":[{"href":"https:\/\/www.laperlavalles.cat\/ca\/wp-json\/wp\/v2\/product\/187914"}],"collection":[{"href":"https:\/\/www.laperlavalles.cat\/ca\/wp-json\/wp\/v2\/product"}],"about":[{"href":"https:\/\/www.laperlavalles.cat\/ca\/wp-json\/wp\/v2\/types\/product"}],"replies":[{"embeddable":true,"href":"https:\/\/www.laperlavalles.cat\/ca\/wp-json\/wp\/v2\/comments?post=187914"}],"wp:featuredmedia":[{"embeddable":true,"href":"https:\/\/www.laperlavalles.cat\/ca\/wp-json\/wp\/v2\/media\/187910"}],"wp:attachment":[{"href":"https:\/\/www.laperlavalles.cat\/ca\/wp-json\/wp\/v2\/media?parent=187914"}],"wp:term":[{"taxonomy":"product_cat","embeddable":true,"href":"https:\/\/www.laperlavalles.cat\/ca\/wp-json\/wp\/v2\/product_cat?post=187914"},{"taxonomy":"product_tag","embeddable":true,"href":"https:\/\/www.laperlavalles.cat\/ca\/wp-json\/wp\/v2\/product_tag?post=187914"}],"curies":[{"name":"wp","href":"https:\/\/api.w.org\/{rel}","templated":true}]}}