{"id":188094,"date":"2025-03-12T13:39:11","date_gmt":"2025-03-12T12:39:17","guid":{"rendered":"https:\/\/www.laperlavalles.cat\/product\/fideus-instantanis-siu-kay-gust-pollastre-amb-formatge-extra-picant-acecook-127gr\/"},"modified":"2025-10-06T11:30:22","modified_gmt":"2025-10-06T09:30:22","slug":"fideus-instantanis-siu-kay-gust-pollastre-amb-formatge-extra-picant-acecook-127gr","status":"publish","type":"product","link":"https:\/\/www.laperlavalles.cat\/ca\/producte\/fideus-instantanis-siu-kay-gust-pollastre-amb-formatge-extra-picant-acecook-127gr\/","title":{"rendered":"Fideus Instantanis Siu Kay Gust Pollastre amb Formatge Extra Picant Acecook 127gr"},"content":{"rendered":"<p>Els Fideus Instantanis Siu Kay Sabor Pollastre amb Formatge Extra Picant ofereixen una experi\u00e8ncia culin\u00e0ria irresistible per als amants dels sabors intensos. La combinaci\u00f3 del sabor de pollastre, la cremositat del formatge i un toc picant vibrant desperta els sentits i convida a gaudir d\u2019un plat ple de car\u00e0cter i passi\u00f3.<\/p>\n","protected":false},"excerpt":{"rendered":"<p>Els Fideus Instantanis Siu Kay Sabor Pollastre amb Formatge Extra Picant ofereixen una experi\u00e8ncia culin\u00e0ria irresistible per als amants dels sabors intensos. La combinaci\u00f3 del sabor<span class=\"excerpt-hellip\"> [\u2026]<\/span><\/p>\n","protected":false},"featured_media":188086,"comment_status":"open","ping_status":"closed","template":"","meta":[],"product_cat":[10617],"product_tag":[],"_links":{"self":[{"href":"https:\/\/www.laperlavalles.cat\/ca\/wp-json\/wp\/v2\/product\/188094"}],"collection":[{"href":"https:\/\/www.laperlavalles.cat\/ca\/wp-json\/wp\/v2\/product"}],"about":[{"href":"https:\/\/www.laperlavalles.cat\/ca\/wp-json\/wp\/v2\/types\/product"}],"replies":[{"embeddable":true,"href":"https:\/\/www.laperlavalles.cat\/ca\/wp-json\/wp\/v2\/comments?post=188094"}],"wp:featuredmedia":[{"embeddable":true,"href":"https:\/\/www.laperlavalles.cat\/ca\/wp-json\/wp\/v2\/media\/188086"}],"wp:attachment":[{"href":"https:\/\/www.laperlavalles.cat\/ca\/wp-json\/wp\/v2\/media?parent=188094"}],"wp:term":[{"taxonomy":"product_cat","embeddable":true,"href":"https:\/\/www.laperlavalles.cat\/ca\/wp-json\/wp\/v2\/product_cat?post=188094"},{"taxonomy":"product_tag","embeddable":true,"href":"https:\/\/www.laperlavalles.cat\/ca\/wp-json\/wp\/v2\/product_tag?post=188094"}],"curies":[{"name":"wp","href":"https:\/\/api.w.org\/{rel}","templated":true}]}}