{"id":188219,"date":"2025-03-12T14:53:33","date_gmt":"2025-03-12T13:53:33","guid":{"rendered":"https:\/\/www.laperlavalles.cat\/product\/mido-de-tapioca-aroy-d-400g-3\/"},"modified":"2025-03-12T14:53:33","modified_gmt":"2025-03-12T13:53:33","slug":"mido-de-tapioca-aroy-d-400g-3","status":"publish","type":"product","link":"https:\/\/www.laperlavalles.cat\/ca\/producte\/mido-de-tapioca-aroy-d-400g-3\/","title":{"rendered":"Mid\u00f3 de Tapioca Aroy-D 400g"},"content":{"rendered":"<p>El Mid\u00f3 de Tapioca Aroy-D 400g \u00e9s un ingredient vers\u00e0til ideal per espessir salses, preparar postres tradicionals o afegir textura a receptes asi\u00e0tiques. De textura fina i sabor neutre, \u00e9s perfecte per a la cuina dol\u00e7a i salada.<\/p>\n","protected":false},"excerpt":{"rendered":"<p>El Mid\u00f3 de Tapioca Aroy-D 400g \u00e9s un ingredient vers\u00e0til ideal per espessir salses, preparar postres tradicionals o afegir textura a receptes asi\u00e0tiques. De textura fina<span class=\"excerpt-hellip\"> [\u2026]<\/span><\/p>\n","protected":false},"featured_media":188215,"comment_status":"open","ping_status":"closed","template":"","meta":[],"product_cat":[8514,8418],"product_tag":[],"_links":{"self":[{"href":"https:\/\/www.laperlavalles.cat\/ca\/wp-json\/wp\/v2\/product\/188219"}],"collection":[{"href":"https:\/\/www.laperlavalles.cat\/ca\/wp-json\/wp\/v2\/product"}],"about":[{"href":"https:\/\/www.laperlavalles.cat\/ca\/wp-json\/wp\/v2\/types\/product"}],"replies":[{"embeddable":true,"href":"https:\/\/www.laperlavalles.cat\/ca\/wp-json\/wp\/v2\/comments?post=188219"}],"wp:featuredmedia":[{"embeddable":true,"href":"https:\/\/www.laperlavalles.cat\/ca\/wp-json\/wp\/v2\/media\/188215"}],"wp:attachment":[{"href":"https:\/\/www.laperlavalles.cat\/ca\/wp-json\/wp\/v2\/media?parent=188219"}],"wp:term":[{"taxonomy":"product_cat","embeddable":true,"href":"https:\/\/www.laperlavalles.cat\/ca\/wp-json\/wp\/v2\/product_cat?post=188219"},{"taxonomy":"product_tag","embeddable":true,"href":"https:\/\/www.laperlavalles.cat\/ca\/wp-json\/wp\/v2\/product_tag?post=188219"}],"curies":[{"name":"wp","href":"https:\/\/api.w.org\/{rel}","templated":true}]}}