{"id":188314,"date":"2025-03-12T15:00:36","date_gmt":"2025-03-12T14:00:43","guid":{"rendered":"https:\/\/www.laperlavalles.cat\/product\/mido-de-tapioca-aroy-d-25kg\/"},"modified":"2025-04-15T15:40:07","modified_gmt":"2025-04-15T13:40:07","slug":"mido-de-tapioca-aroy-d-25kg","status":"publish","type":"product","link":"https:\/\/www.laperlavalles.cat\/ca\/producte\/mido-de-tapioca-aroy-d-25kg\/","title":{"rendered":"Mid\u00f3 de Tapioca Aroy-D 25kg"},"content":{"rendered":"<p>El Mid\u00f3 de Tapioca Aroy-D 400g \u00e9s un ingredient vers\u00e0til ideal per espessir salses, preparar postres tradicionals o afegir textura a receptes asi\u00e0tiques. De textura fina i sabor neutre, \u00e9s perfecte per a la cuina dol\u00e7a i salada.<\/p>\n","protected":false},"excerpt":{"rendered":"<p>El Mid\u00f3 de Tapioca Aroy-D 400g \u00e9s un ingredient vers\u00e0til ideal per espessir salses, preparar postres tradicionals o afegir textura a receptes asi\u00e0tiques. De textura fina<span class=\"excerpt-hellip\"> [\u2026]<\/span><\/p>\n","protected":false},"featured_media":188306,"comment_status":"open","ping_status":"closed","template":"","meta":[],"product_cat":[8514,8418],"product_tag":[],"_links":{"self":[{"href":"https:\/\/www.laperlavalles.cat\/ca\/wp-json\/wp\/v2\/product\/188314"}],"collection":[{"href":"https:\/\/www.laperlavalles.cat\/ca\/wp-json\/wp\/v2\/product"}],"about":[{"href":"https:\/\/www.laperlavalles.cat\/ca\/wp-json\/wp\/v2\/types\/product"}],"replies":[{"embeddable":true,"href":"https:\/\/www.laperlavalles.cat\/ca\/wp-json\/wp\/v2\/comments?post=188314"}],"wp:featuredmedia":[{"embeddable":true,"href":"https:\/\/www.laperlavalles.cat\/ca\/wp-json\/wp\/v2\/media\/188306"}],"wp:attachment":[{"href":"https:\/\/www.laperlavalles.cat\/ca\/wp-json\/wp\/v2\/media?parent=188314"}],"wp:term":[{"taxonomy":"product_cat","embeddable":true,"href":"https:\/\/www.laperlavalles.cat\/ca\/wp-json\/wp\/v2\/product_cat?post=188314"},{"taxonomy":"product_tag","embeddable":true,"href":"https:\/\/www.laperlavalles.cat\/ca\/wp-json\/wp\/v2\/product_tag?post=188314"}],"curies":[{"name":"wp","href":"https:\/\/api.w.org\/{rel}","templated":true}]}}