{"id":188909,"date":"2025-03-13T14:42:26","date_gmt":"2025-03-13T13:42:26","guid":{"rendered":"https:\/\/www.laperlavalles.cat\/product\/pasta-dall-tooba-1kg-2\/"},"modified":"2025-03-13T14:42:26","modified_gmt":"2025-03-13T13:42:26","slug":"pasta-dall-tooba-1kg-2","status":"publish","type":"product","link":"https:\/\/www.laperlavalles.cat\/ca\/producte\/pasta-dall-tooba-1kg-2\/","title":{"rendered":"PASTA D&#8217;ALL TOOBA 1KG"},"content":{"rendered":"<p>La Pasta d&#8217;All Tooba 1 kg \u00e9s l&#8217;ingredient perfecte per aportar un toc intens i aut\u00e8ntic als teus plats. Elaborada amb alls frescos i seleccionats, aquesta pasta concentra tot l&#8217;aroma i el sabor caracter\u00edstic de l&#8217;all, ideal per intensificar el gust de qualsevol recepta. \u00c9s especialment recomanada per a marinades, salses, guisats i plats saltejats, aportant una base saborosa que real\u00e7a cada mossegada. Ideal per a aquells que valoren la cuina casolana i tradicional amb un toc de comoditat i qualitat.<\/p>\n","protected":false},"excerpt":{"rendered":"<p>La Pasta d&#8217;All Tooba 1 kg \u00e9s l&#8217;ingredient perfecte per aportar un toc intens i aut\u00e8ntic als teus plats. Elaborada amb alls frescos i seleccionats, aquesta<span class=\"excerpt-hellip\"> [\u2026]<\/span><\/p>\n","protected":false},"featured_media":188905,"comment_status":"open","ping_status":"closed","template":"","meta":[],"product_cat":[36],"product_tag":[],"_links":{"self":[{"href":"https:\/\/www.laperlavalles.cat\/ca\/wp-json\/wp\/v2\/product\/188909"}],"collection":[{"href":"https:\/\/www.laperlavalles.cat\/ca\/wp-json\/wp\/v2\/product"}],"about":[{"href":"https:\/\/www.laperlavalles.cat\/ca\/wp-json\/wp\/v2\/types\/product"}],"replies":[{"embeddable":true,"href":"https:\/\/www.laperlavalles.cat\/ca\/wp-json\/wp\/v2\/comments?post=188909"}],"wp:featuredmedia":[{"embeddable":true,"href":"https:\/\/www.laperlavalles.cat\/ca\/wp-json\/wp\/v2\/media\/188905"}],"wp:attachment":[{"href":"https:\/\/www.laperlavalles.cat\/ca\/wp-json\/wp\/v2\/media?parent=188909"}],"wp:term":[{"taxonomy":"product_cat","embeddable":true,"href":"https:\/\/www.laperlavalles.cat\/ca\/wp-json\/wp\/v2\/product_cat?post=188909"},{"taxonomy":"product_tag","embeddable":true,"href":"https:\/\/www.laperlavalles.cat\/ca\/wp-json\/wp\/v2\/product_tag?post=188909"}],"curies":[{"name":"wp","href":"https:\/\/api.w.org\/{rel}","templated":true}]}}