{"id":189004,"date":"2025-03-13T14:50:37","date_gmt":"2025-03-13T13:50:44","guid":{"rendered":"https:\/\/www.laperlavalles.cat\/product\/locio-queen-elisabeth-400-ml\/"},"modified":"2025-03-13T15:16:24","modified_gmt":"2025-03-13T14:16:24","slug":"locio-queen-elisabeth-400-ml","status":"publish","type":"product","link":"https:\/\/www.laperlavalles.cat\/ca\/producte\/locio-queen-elisabeth-400-ml\/","title":{"rendered":"LOCI\u00d3 CORPORAL I PER A MANS DE MANTEGA DE CACAU QUEEN ELISABETH 400ML"},"content":{"rendered":"<p>La Loci\u00f3 Queen Elisabeth 400 ml \u00e9s ideal per hidratar i suavitzar la pell seca, aportant nutrici\u00f3 profunda i ajudant a mantenir-la suau i flexible. Perfecta per a l\u2019\u00fas diari, alleuja la pell irritada i \u00e9s ideal durant i despr\u00e9s de l\u2019embar\u00e0s per cuidar la pell estirada.<\/p>\n","protected":false},"excerpt":{"rendered":"<p>La Loci\u00f3 Queen Elisabeth 400 ml \u00e9s ideal per hidratar i suavitzar la pell seca, aportant nutrici\u00f3 profunda i ajudant a mantenir-la suau i flexible. Perfecta<span class=\"excerpt-hellip\"> [\u2026]<\/span><\/p>\n","protected":false},"featured_media":188996,"comment_status":"open","ping_status":"closed","template":"","meta":[],"product_cat":[8423,8522],"product_tag":[],"_links":{"self":[{"href":"https:\/\/www.laperlavalles.cat\/ca\/wp-json\/wp\/v2\/product\/189004"}],"collection":[{"href":"https:\/\/www.laperlavalles.cat\/ca\/wp-json\/wp\/v2\/product"}],"about":[{"href":"https:\/\/www.laperlavalles.cat\/ca\/wp-json\/wp\/v2\/types\/product"}],"replies":[{"embeddable":true,"href":"https:\/\/www.laperlavalles.cat\/ca\/wp-json\/wp\/v2\/comments?post=189004"}],"wp:featuredmedia":[{"embeddable":true,"href":"https:\/\/www.laperlavalles.cat\/ca\/wp-json\/wp\/v2\/media\/188996"}],"wp:attachment":[{"href":"https:\/\/www.laperlavalles.cat\/ca\/wp-json\/wp\/v2\/media?parent=189004"}],"wp:term":[{"taxonomy":"product_cat","embeddable":true,"href":"https:\/\/www.laperlavalles.cat\/ca\/wp-json\/wp\/v2\/product_cat?post=189004"},{"taxonomy":"product_tag","embeddable":true,"href":"https:\/\/www.laperlavalles.cat\/ca\/wp-json\/wp\/v2\/product_tag?post=189004"}],"curies":[{"name":"wp","href":"https:\/\/api.w.org\/{rel}","templated":true}]}}