{"id":189074,"date":"2025-03-13T14:56:14","date_gmt":"2025-03-13T13:56:14","guid":{"rendered":"https:\/\/www.laperlavalles.cat\/product\/pasta-de-gingebre-i-all-tooba-1-kg-3\/"},"modified":"2025-03-13T14:56:14","modified_gmt":"2025-03-13T13:56:14","slug":"pasta-de-gingebre-i-all-tooba-1-kg-3","status":"publish","type":"product","link":"https:\/\/www.laperlavalles.cat\/ca\/producte\/pasta-de-gingebre-i-all-tooba-1-kg-3\/","title":{"rendered":"PASTA DE GINGEBRE I ALL TOOBA 1 KG"},"content":{"rendered":"<p>La Pasta de Gingebre i All Tooba 1 kg \u00e9s la combinaci\u00f3 perfecta per donar un toc intens i aut\u00e8ntic als teus plats. Elaborada amb gingebre i all frescos seleccionats, aquesta pasta fusiona dues de les esp\u00e8cies m\u00e9s apreciades per aportar un sabor profund i arom\u00e0tic. Ideal per a marinades, salses, guisats i plats saltejats, \u00e9s una base culin\u00e0ria vers\u00e0til que enriquir\u00e0 qualsevol recepta. Perfecta per aquells que busquen comoditat sense renunciar al sabor tradicional.<\/p>\n","protected":false},"excerpt":{"rendered":"<p>La Pasta de Gingebre i All Tooba 1 kg \u00e9s la combinaci\u00f3 perfecta per donar un toc intens i aut\u00e8ntic als teus plats. Elaborada amb gingebre<span class=\"excerpt-hellip\"> [\u2026]<\/span><\/p>\n","protected":false},"featured_media":189070,"comment_status":"open","ping_status":"closed","template":"","meta":[],"product_cat":[36],"product_tag":[],"_links":{"self":[{"href":"https:\/\/www.laperlavalles.cat\/ca\/wp-json\/wp\/v2\/product\/189074"}],"collection":[{"href":"https:\/\/www.laperlavalles.cat\/ca\/wp-json\/wp\/v2\/product"}],"about":[{"href":"https:\/\/www.laperlavalles.cat\/ca\/wp-json\/wp\/v2\/types\/product"}],"replies":[{"embeddable":true,"href":"https:\/\/www.laperlavalles.cat\/ca\/wp-json\/wp\/v2\/comments?post=189074"}],"wp:featuredmedia":[{"embeddable":true,"href":"https:\/\/www.laperlavalles.cat\/ca\/wp-json\/wp\/v2\/media\/189070"}],"wp:attachment":[{"href":"https:\/\/www.laperlavalles.cat\/ca\/wp-json\/wp\/v2\/media?parent=189074"}],"wp:term":[{"taxonomy":"product_cat","embeddable":true,"href":"https:\/\/www.laperlavalles.cat\/ca\/wp-json\/wp\/v2\/product_cat?post=189074"},{"taxonomy":"product_tag","embeddable":true,"href":"https:\/\/www.laperlavalles.cat\/ca\/wp-json\/wp\/v2\/product_tag?post=189074"}],"curies":[{"name":"wp","href":"https:\/\/api.w.org\/{rel}","templated":true}]}}