{"id":189339,"date":"2025-03-13T15:30:37","date_gmt":"2025-03-13T14:30:45","guid":{"rendered":"https:\/\/www.laperlavalles.cat\/product\/locio-corporal-i-de-mans-de-mantega-de-karite-queen-elisabeth-400ml\/"},"modified":"2025-03-13T15:32:51","modified_gmt":"2025-03-13T14:32:51","slug":"locio-corporal-i-de-mans-de-mantega-de-karite-queen-elisabeth-400ml","status":"publish","type":"product","link":"https:\/\/www.laperlavalles.cat\/ca\/producte\/locio-corporal-i-de-mans-de-mantega-de-karite-queen-elisabeth-400ml\/","title":{"rendered":"LOCI\u00d3 CORPORAL I DE MANS DE MANTEGA DE KARIT\u00c9 QUEEN ELISABETH 400ML"},"content":{"rendered":"<p>La loci\u00f3 Queen Elisabeth de mantega de karit\u00e9 de 400 ml \u00e9s una hidratant corporal enriquida amb mantega de karit\u00e9 natural, ideal per nodrir, suavitzar i protegir la pell. La seva f\u00f3rmula ajuda a restaurar la humitat essencial, millorar l&#8217;elasticitat i alleujar la sequedat, la irritaci\u00f3 o les esquerdes a la pell. \u00c9s adequada per a l&#8217;\u00fas a les mans, la cara i el cos, proporcionant una sensaci\u00f3 de confort sense deixar residus greixosos. A m\u00e9s, ajuda a prevenir i reduir les estries, sent especialment beneficiosa per a les pells exposades a condicions clim\u00e0tiques adverses.<\/p>\n","protected":false},"excerpt":{"rendered":"<p>La loci\u00f3 Queen Elisabeth de mantega de karit\u00e9 de 400 ml \u00e9s una hidratant corporal enriquida amb mantega de karit\u00e9 natural, ideal per nodrir, suavitzar i<span class=\"excerpt-hellip\"> [\u2026]<\/span><\/p>\n","protected":false},"featured_media":189331,"comment_status":"open","ping_status":"closed","template":"","meta":[],"product_cat":[8423,8522],"product_tag":[],"_links":{"self":[{"href":"https:\/\/www.laperlavalles.cat\/ca\/wp-json\/wp\/v2\/product\/189339"}],"collection":[{"href":"https:\/\/www.laperlavalles.cat\/ca\/wp-json\/wp\/v2\/product"}],"about":[{"href":"https:\/\/www.laperlavalles.cat\/ca\/wp-json\/wp\/v2\/types\/product"}],"replies":[{"embeddable":true,"href":"https:\/\/www.laperlavalles.cat\/ca\/wp-json\/wp\/v2\/comments?post=189339"}],"wp:featuredmedia":[{"embeddable":true,"href":"https:\/\/www.laperlavalles.cat\/ca\/wp-json\/wp\/v2\/media\/189331"}],"wp:attachment":[{"href":"https:\/\/www.laperlavalles.cat\/ca\/wp-json\/wp\/v2\/media?parent=189339"}],"wp:term":[{"taxonomy":"product_cat","embeddable":true,"href":"https:\/\/www.laperlavalles.cat\/ca\/wp-json\/wp\/v2\/product_cat?post=189339"},{"taxonomy":"product_tag","embeddable":true,"href":"https:\/\/www.laperlavalles.cat\/ca\/wp-json\/wp\/v2\/product_tag?post=189339"}],"curies":[{"name":"wp","href":"https:\/\/api.w.org\/{rel}","templated":true}]}}