{"id":189359,"date":"2025-03-13T15:40:36","date_gmt":"2025-03-13T14:40:44","guid":{"rendered":"https:\/\/www.laperlavalles.cat\/product\/crema-de-mantega-de-cacau-ever-sheen-250-ml\/"},"modified":"2025-03-13T15:42:28","modified_gmt":"2025-03-13T14:42:28","slug":"crema-de-mantega-de-cacau-ever-sheen-250-ml","status":"publish","type":"product","link":"https:\/\/www.laperlavalles.cat\/ca\/producte\/crema-de-mantega-de-cacau-ever-sheen-250-ml\/","title":{"rendered":"CREMA DE MANTEGA DE CACAU EVER SHEEN 250 ML"},"content":{"rendered":"<p>La crema Ever Sheen Cocoa Butter de 250 ml \u00e9s una crema hidratant corporal enriquida amb mantega de cacau natural, ideal per suavitzar, nodrir i protegir la pell. La seva f\u00f3rmula proporciona una hidrataci\u00f3 profunda, alleujant la sequedat, millorant l&#8217;elasticitat i ajudant a calmar la pell irritada o esquerdada. Tamb\u00e9 \u00e9s efica\u00e7 per alleujar la incomoditat de la pell estirada durant i despr\u00e9s de l&#8217;embar\u00e0s, i ofereix protecci\u00f3 contra els efectes nocius del sol i el vent. L&#8217;\u00fas regular deixa la pell suau, ferma i amb un aspecte saludable.<\/p>\n","protected":false},"excerpt":{"rendered":"<p>La crema Ever Sheen Cocoa Butter de 250 ml \u00e9s una crema hidratant corporal enriquida amb mantega de cacau natural, ideal per suavitzar, nodrir i protegir<span class=\"excerpt-hellip\"> [\u2026]<\/span><\/p>\n","protected":false},"featured_media":189351,"comment_status":"open","ping_status":"closed","template":"","meta":[],"product_cat":[8423,8522],"product_tag":[],"_links":{"self":[{"href":"https:\/\/www.laperlavalles.cat\/ca\/wp-json\/wp\/v2\/product\/189359"}],"collection":[{"href":"https:\/\/www.laperlavalles.cat\/ca\/wp-json\/wp\/v2\/product"}],"about":[{"href":"https:\/\/www.laperlavalles.cat\/ca\/wp-json\/wp\/v2\/types\/product"}],"replies":[{"embeddable":true,"href":"https:\/\/www.laperlavalles.cat\/ca\/wp-json\/wp\/v2\/comments?post=189359"}],"wp:featuredmedia":[{"embeddable":true,"href":"https:\/\/www.laperlavalles.cat\/ca\/wp-json\/wp\/v2\/media\/189351"}],"wp:attachment":[{"href":"https:\/\/www.laperlavalles.cat\/ca\/wp-json\/wp\/v2\/media?parent=189359"}],"wp:term":[{"taxonomy":"product_cat","embeddable":true,"href":"https:\/\/www.laperlavalles.cat\/ca\/wp-json\/wp\/v2\/product_cat?post=189359"},{"taxonomy":"product_tag","embeddable":true,"href":"https:\/\/www.laperlavalles.cat\/ca\/wp-json\/wp\/v2\/product_tag?post=189359"}],"curies":[{"name":"wp","href":"https:\/\/api.w.org\/{rel}","templated":true}]}}